{"id":914,"date":"2019-08-19T13:51:46","date_gmt":"2019-08-19T11:51:46","guid":{"rendered":"http:\/\/dorian.okinter2.vot.pl\/?page_id=914"},"modified":"2023-01-11T11:50:33","modified_gmt":"2023-01-11T10:50:33","slug":"dzialalnosci-gospodarczej","status":"publish","type":"page","link":"https:\/\/biurogdynia.pl\/ubezpieczenia\/ubezpieczenia\/dzialalnosci-gospodarczej\/","title":{"rendered":"Dzia\u0142alno\u015bci gospodarczej"},"content":{"rendered":"<div id=\"pl-914\"  class=\"panel-layout\" ><div id=\"pg-914-0\"  class=\"panel-grid panel-has-style\" ><div class=\"intro panel-row-style panel-row-style-for-914-0\" ><div id=\"pgc-914-0-0\"  class=\"panel-grid-cell\" ><div id=\"panel-914-0-0-0\" class=\"so-panel widget widget_text panel-first-child panel-last-child\" data-index=\"0\" >\t\t\t<div class=\"textwidget\"><p>&nbsp;<\/p>\n<h1>Ubezpieczenie dzia\u0142alno\u015bci gospodarczej<\/h1>\n<p>&nbsp;<\/p>\n<p style=\"color: black;\">Zwi\u0119kszamy poczucie bezpiecze\u0144stwa os\u00f3b, kt\u00f3re podj\u0119\u0142y si\u0119 prowadzenia w\u0142asnego biznesu. Mamy pe\u0142n\u0105 \u015bwiadomo\u015b\u0107 tego, jak stresuj\u0105ce mog\u0105 by\u0107 niekt\u00f3re decyzje z tym zwi\u0105zane, dlatego proponujemy ubezpieczenie dzia\u0142alno\u015bci gospodarczej, przy czym zr\u00f3\u017cnicowanie i komplementarno\u015b\u0107 naszej oferty, pozwalaj\u0105 na wykupienie polisy o zakresie w pe\u0142ni odpowiadaj\u0105cym indywidualnym preferencjom. Polis\u0119 dobieramy bowiem w zale\u017cno\u015bci od potrzeb w\u0142a\u015bciciela firmy oraz oferty towarzystwa ubezpieczeniowego, przy czym mo\u017cliwie jest wykupienie dodatkowych us\u0142ug. Przy ustalaniu wysoko\u015bci sk\u0142adki nale\u017cy pami\u0119ta\u0107 o obowi\u0105zuj\u0105cych przepisach oraz wskazanego PKD (chodzi o kod Polskiej Klasyfikacji Dzia\u0142alno\u015bci, okre\u015blaj\u0105cy rodzaj prowadzonej dzia\u0142alno\u015bci gospodarczej).<\/p>\n<p>&nbsp;<\/p>\n<p>&nbsp;<\/p>\n<p align=\"JUSTIFY\"><span style=\"color: black;\">Ka\u017cda osoba lub sp\u00f3\u0142ka prowadz\u0105ca dzia\u0142alno\u015b\u0107 gospodarcz\u0105 powinna rozwa\u017cy\u0107 zakup ubezpieczenia dzia\u0142alno\u015bci gospodarczej. Ilo\u015b\u0107 okoliczno\u015bci w wyniku, kt\u00f3rych<\/span><\/p>\n<p align=\"JUSTIFY\"><span style=\"color: black;\">klient mo\u017ce domaga\u0107 si\u0119 naprawienia szk\u00f3d przez firm\u0119 oferuj\u0105ce us\u0142ugi jest niesko\u0144czenie wiele. Natomiast firmy prowadz\u0105ce dzia\u0142alno\u015b\u0107 pod niekt\u00f3rymi PKD nie b\u0119d\u0105 mieli mo\u017cliwo\u015bci zawarcia ubezpieczenia ze wzgl\u0119du na wysok\u0105 szkodowo\u015b\u0107 bran\u017cy. Trzeba pami\u0119ta\u0107, \u017ce je\u017celi otrzymamy odmow\u0119 od jednego ubezpieczyciela nie powinni\u015bmy traci\u0107 nadziei poniewa\u017c ka\u017cde towarzystwo ubezpieczeniowe inaczej tworzy list\u0119 PKD wykluczonych z mo\u017cliwo\u015bci zawarcia ubezpieczenia. Nawet je\u017celi ubezpieczaj\u0105cy posiada dla przyk\u0142adu tartak zajmuj\u0105cy si\u0119 obr\u00f3bk\u0105 drewna i ma problem z pozyskaniem ubezpieczenia dzia\u0142alno\u015bci gospodarczej, nie powinien si\u0119 poddawa\u0107 poniewa\u017c towarzystwa ubezpieczeniowe w ramach indywidualnej oceny ryzyka mog\u0105 wskaza\u0107 co nale\u017cy zrobi\u0107 aby uzyska\u0107 mo\u017cliwo\u015b\u0107 ubezpieczenia si\u0119. W przypadku tartak\u00f3w nowoczesna linia obr\u00f3bki drewna oraz wysokiej klasy zabezpieczenia po\u017carowe znajduj\u0105ce si\u0119 w ca\u0142ym zak\u0142adzie pracy, mog\u0142aby zach\u0119ci\u0107 towarzystwa ubezpieczeniowe do zawarcia ubezpieczenia dzia\u0142alno\u015bci gospodarczej. <\/span><\/p>\n<h2 style=\"text-align: center;\" align=\"JUSTIFY\"><span style=\"font-size: x-large;\">Jakie PKD nale\u017cy wpisa\u0107 przy zawieraniu ubezpieczenia dzia\u0142alno\u015bci gospodarczej?<\/span><\/h2>\n<p align=\"JUSTIFY\"><span style=\"color: black;\">Cz\u0119sto klienci zastanawiaj\u0105 si\u0119 czy mog\u0105 wpisa\u0107 PKD, kt\u00f3rego nie maj\u0105 wpisanego w KRS albo CEIDG. Naturalnie nie powinna mie\u0107 miejsca taka sytuacja natomiast trzeba pami\u0119ta\u0107, \u017ce realia na rynku dynamicznie si\u0119 rozwijaj\u0105 i przedsi\u0119biorcy dostosowuj\u0105 swoj\u0105 ofert\u0119 do zapotrzebowania na rynku. Czasami oferuj\u0105c nowe us\u0142ugi mog\u0105 nie spostrzec, \u017ce nie posiadaj\u0105 odpowiednich PKD wpisanych w rejestrach prowadzenia dzia\u0142alno\u015bci gospodarczych. Interpretacja takich sytuacji jest zale\u017cna od warunk\u00f3w OWU kt\u00f3re oferuj\u0105 towarzystwa ubezpieczeniowe. Najcz\u0119\u015bciej towarzystwa wychodz\u0105 naprzeciw potrzebom klienta i stoj\u0105 na stanowisku, \u017ce mo\u017cna ubezpiecza\u0107 dzia\u0142alno\u015b\u0107 gospodarcz\u0105 w zakresie faktycznie prowadzonej dzia\u0142alno\u015bci gospodarczej, ale jest to zawsze indywidualna kwestia ka\u017cdego z towarzystw ubezpieczeniowych. Natomiast nale\u017cy mie\u0107 na uwadze, \u017ce takie nie\u015bcis\u0142o\u015bci mog\u0105 nie\u015b\u0107 za sob\u0105 konsekwencje grzywny z tytu\u0142u nieaktualnych danych w rejestrach.<\/span><\/p>\n<h2 style=\"text-align: center;\" align=\"JUSTIFY\"><span style=\"font-size: x-large;\">Czy musz\u0119 wpisa\u0107 wszystkie PKD kt\u00f3re mam wpisane w rejestrze CEIDG lub KRS?<\/span><\/h2>\n<p align=\"JUSTIFY\"><span style=\"color: black;\">Przedsi\u0119biorcy zabezpieczaj\u0105 si\u0119 podczas zak\u0142adania dzia\u0142alno\u015bci gospodarczej cz\u0119sto wpisuj\u0105c mn\u00f3stwa rodzaj\u00f3w PKD, kt\u00f3re mog\u0105 ewentualnie wykonywa\u0107. Niejednokrotnie takie firmy wykonuj\u0105 rzeczywi\u015bcie dzia\u0142alno\u015b\u0107 gospodarcz\u0105 w ramach jednego PKD, w takim przypadku przy pozyskiwaniu ubezpieczenia dzia\u0142alno\u015bci gospodarczej jego sk\u0142adka wzros\u0142aby znacznie. Trzeba mie\u0107 na uwadze, \u017ce PKD jest niezb\u0119dne do oszacowania ryzyka przez towarzystwa ubezpieczeniowe, dlatego im ich jest wi\u0119cej tym wy\u017csza sk\u0142adka wychodzi nam. R\u00f3wnie istotne jest podanie odpowiedniego PKD do wykonywanych us\u0142ug.<br \/>\nDla przyk\u0142adu klientka chcia\u0142a ubezpieczy\u0107 dzia\u0142alno\u015b\u0107 w zakresie PKD jak nast\u0119puje:<br \/>\n&#8211; 55.20.Z Obiekty noclegowe turystyczne i miejsca kr\u00f3tkotrwa\u0142ego zakwaterowania<br \/>\n&#8211; 56.10.A Restauracje i inne sta\u0142e plac\u00f3wki gastronomiczne<br \/>\n&#8211; 56.30 Przygotowywanie i podawanie napoj\u00f3w<br \/>\nSk\u0142adka jaka zosta\u0142a wyliczona wychodzi\u0142a oko\u0142o 4500z\u0142<br \/>\nPodczas gdy klientka tak naprawd\u0119 wykonywa\u0142a dzia\u0142alno\u015b\u0107 gospodarcz\u0105 tylko w zakresie PKD:<br \/>\n&#8211; 55.20.Z Obiekty noclegowe turystyczne i miejsca kr\u00f3tkotrwa\u0142ego zakwaterowania<br \/>\n&#8211; 55.10.Z Hotele i podobne obiekty zakwaterowania( kt\u00f3re w swojej definicji zawiera us\u0142ugi oko\u0142o noclegowe \u015bwiadczone tylko dla klient\u00f3w hotelu)<br \/>\nW takim przypadku sk\u0142adka zmniejszy\u0142a si\u0119 do poziomu 2700 z\u0142.<br \/>\nPodczas gdy obowi\u0105zkiem klienta jest podanie PKD prowadzonej dzia\u0142alno\u015bci, my wychodzimy naprzeciw potrzebom klienta i przeprowadzamy badanie potrzeb klienta IDD w wyniku, kt\u00f3rego we wsp\u00f3\u0142pracy z biurem rachunkowym i kancelari\u0105 prawn\u0105 potrafimy zaoszcz\u0119dzi\u0107 nawet do 50 % sk\u0142adki za ubezpieczenie dzia\u0142alno\u015bci gospodarczej. Naturalnie trzeba pami\u0119ta\u0107, \u017ce zmiana zakresu PKD jest tylko nasz\u0105 propozycj\u0105, kt\u00f3r\u0105 oferujemy na bazie przeprowadzonej rozmowy z klientem. Ostatecznie klient sam wskazuje jakie PKD rzeczywi\u015bcie wykonuje. <\/span><\/p>\n<h2 style=\"text-align: center;\" align=\"JUSTIFY\"><span style=\"font-size: x-large;\">Co wyp\u0142ywa na wysoko\u015b\u0107 sk\u0142adki ubezpieczenia dzia\u0142alno\u015bci gospodarczej?<\/span><\/h2>\n<p align=\"JUSTIFY\"><span style=\"color: black;\">Wszystko zale\u017cy od wskazanego PKD. W jednym najwa\u017cniejszym sk\u0142adnikiem ceny b\u0119dzie wysoko\u015b\u0107 obrotu rocznego inny b\u0119dzie si\u0119 opiera\u0142 na ilo\u015bci klient\u00f3w a jeszcze inny na ilo\u015bci miejsc noclegowych. W przypadku ubezpieczenia wi\u0119kszej ilo\u015bci PKD te czynniki jeszcze bardziej si\u0119 komplikuj\u0105 nak\u0142adaj\u0105c si\u0119 na siebie i trudno w takim przypadku wskaza\u0107 najbardziej istotny. Jednak\u017ce zawsze trzeba podawa\u0107 faktyczne dane z tego wzgl\u0119du, \u017ce przy likwidacji powa\u017cnej szkody ubezpieczyciel mo\u017ce zwr\u00f3ci\u0107 si\u0119 do ubezpieczonego o potwierdzenie podanych danych do ubezpieczenia. W przypadku powa\u017cnego niedoszacowania kwoty np. obrotu rocznego towarzystwo mo\u017ce odm\u00f3wi\u0107 wyp\u0142aty ubezpieczenia lub ograniczy\u0107 jego kwot\u0119 do pewnej cz\u0119\u015bci. <\/span><\/p>\n<h2 style=\"text-align: center;\" align=\"JUSTIFY\"><span style=\"font-size: x-large;\">Zakres odpowiedzialno\u015bci ubezpieczenia dzia\u0142alno\u015bci gospodarczej.<\/span><\/h2>\n<p align=\"JUSTIFY\"><span style=\"color: black;\">Zarkres obejmuj\u0105cy ubezpieczenie dzia\u0142alno\u015bci gospodarczej dobieramy w zale\u017cno\u015bci od potrzeb i oferty towarzystwa ubezpieczeniowego. Mo\u017cemy je cz\u0119sto poszerzy\u0107 o takie najwa\u017cniejsze aspekty jak:<br \/>\n&#8211; ubezpieczenie all risk elektroniki<br \/>\n&#8211; ubezpieczenie danych przechowywanych na serwerze<br \/>\n&#8211; ubezpieczenie od czystych strat finansowych<br \/>\n&#8211; ubezpieczenie nnw pracownik\u00f3w<br \/>\n&#8211; ubezpieczenie przedmiot\u00f3w leasingowanych w firmie<br \/>\n&#8211; ubezpieczenie nieruchomo\u015bci<br \/>\n&#8211; ubezpieczenie ruchomo\u015bci <\/span><\/p>\n<h2 style=\"text-align: center;\" align=\"JUSTIFY\"><span style=\"font-size: x-large;\">Kiedy ubezpieczyciel mo\u017ce odm\u00f3wi\u0107 wyp\u0142aty odszkodowania?<\/span><\/h2>\n<p align=\"JUSTIFY\"><span style=\"color: black;\">Zawieraj\u0105c ubezpieczenie dzia\u0142alno\u015bci gospodarczej nale\u017cy pami\u0119ta\u0107, \u017ce jest to umowa dotycz\u0105ca prowadzenia dzia\u0142alno\u015bci gospodarczej w profesjonalny spos\u00f3b. Tzn. wszelkie us\u0142ugi oraz produkty, kt\u00f3re wprowadzamy do obiegu powinny posiada\u0107 odpowiednie uprawnienia lub certyfikaty.<br \/>\nW przypadku kiedy \u015bwiadczymy us\u0142ugi informatyczne, osoby \u015bwiadcz\u0105ce te us\u0142ugi powinny mie\u0107 wykszta\u0142cenie zbie\u017cne z wykonywanym zawodem, w przeciwnym razie w przypadku likwidacji szkody towarzystwo ubezpieczeniowe mo\u017ce odm\u00f3wi\u0107 wyp\u0142aty odszkodowania lub wyp\u0142aci\u0107 jedynie jego cz\u0119\u015b\u0107.<br \/>\nPonadto zawsze nale\u017cy si\u0119 zapozna\u0107 z warunkami OWU, kt\u00f3re zawieraj\u0105 niezb\u0119dne informacje na temat wykluczeni odpowiedzialno\u015bci towarzystw ubezpieczeniowych.<\/span><\/p>\n<p>\n  <a href=\"https:\/\/biurogdynia.pl\/ubezpieczenia\/ubezpieczenia\/komunikacyjne\/oc-rolnika\/\">OC rolnika<\/a><br \/>\n  <a href=\"https:\/\/biurogdynia.pl\/ubezpieczenia\/ubezpieczenia\/komunikacyjne\/oc-zawodu\/\">AC zawodu<\/a><br \/>\n  <a href=\"https:\/\/biurogdynia.pl\/ubezpieczenia\/ubezpieczenia\/komunikacyjne\/upraw-rolnych\/\">Upraw rolnych<\/a><\/p>\n<\/div>\n\t\t<\/div><\/div><\/div><\/div><\/div>","protected":false},"excerpt":{"rendered":"<p>&nbsp; Ubezpieczenie dzia\u0142alno\u015bci gospodarczej &nbsp; Zwi\u0119kszamy poczucie bezpiecze\u0144stwa os\u00f3b, kt\u00f3re podj\u0119\u0142y si\u0119 prowadzenia w\u0142asnego biznesu. Mamy pe\u0142n\u0105 \u015bwiadomo\u015b\u0107 tego, jak stresuj\u0105ce mog\u0105 by\u0107 niekt\u00f3re decyzje z tym zwi\u0105zane, dlatego proponujemy ubezpieczenie dzia\u0142alno\u015bci gospodarczej, przy czym zr\u00f3\u017cnicowanie i komplementarno\u015b\u0107 naszej oferty, pozwalaj\u0105 na wykupienie polisy o zakresie w pe\u0142ni odpowiadaj\u0105cym indywidualnym preferencjom. Polis\u0119 dobieramy bowiem w [&hellip;]<\/p>\n","protected":false},"author":1,"featured_media":0,"parent":17,"menu_order":0,"comment_status":"closed","ping_status":"closed","template":"ubezpieczenie.php","meta":{"footnotes":""},"class_list":["post-914","page","type-page","status-publish","hentry"],"yoast_head":"<!-- This site is optimized with the Yoast SEO plugin v24.4 - https:\/\/yoast.com\/wordpress\/plugins\/seo\/ -->\n<title>Ubezpieczenie dzia\u0142alno\u015bci gospodarczej, firmy - Tr\u00f3jmiasto, Gdynia, Gda\u0144sk, pomorskie | Abakus<\/title>\n<meta name=\"description\" content=\"Znajdziemy ubezpieczenie dzia\u0142alno\u015bci gospodarczej dla Pa\u0144stwa firmy \u2013 nawet, je\u015bli Wasza bran\u017ca cechuje si\u0119 wysok\u0105 szkodliwo\u015bci\u0105. Dowiedz si\u0119 wi\u0119cej!\" \/>\n<meta name=\"robots\" content=\"index, follow, max-snippet:-1, max-image-preview:large, max-video-preview:-1\" \/>\n<link rel=\"canonical\" href=\"https:\/\/biurogdynia.pl\/ubezpieczenia\/ubezpieczenia\/dzialalnosci-gospodarczej\/\" \/>\n<meta property=\"og:locale\" content=\"pl_PL\" \/>\n<meta property=\"og:type\" content=\"article\" \/>\n<meta property=\"og:title\" content=\"Ubezpieczenie dzia\u0142alno\u015bci gospodarczej, firmy - Tr\u00f3jmiasto, Gdynia, Gda\u0144sk, pomorskie | Abakus\" \/>\n<meta property=\"og:description\" content=\"Znajdziemy ubezpieczenie dzia\u0142alno\u015bci gospodarczej dla Pa\u0144stwa firmy \u2013 nawet, je\u015bli Wasza bran\u017ca cechuje si\u0119 wysok\u0105 szkodliwo\u015bci\u0105. Dowiedz si\u0119 wi\u0119cej!\" \/>\n<meta property=\"og:url\" content=\"https:\/\/biurogdynia.pl\/ubezpieczenia\/ubezpieczenia\/dzialalnosci-gospodarczej\/\" \/>\n<meta property=\"og:site_name\" content=\"Abakus Ubezpieczenia\" \/>\n<meta property=\"article:modified_time\" content=\"2023-01-11T10:50:33+00:00\" \/>\n<meta name=\"twitter:card\" content=\"summary_large_image\" \/>\n<meta name=\"twitter:label1\" content=\"Szacowany czas czytania\" \/>\n\t<meta name=\"twitter:data1\" content=\"5 minut\" \/>\n<script type=\"application\/ld+json\" class=\"yoast-schema-graph\">{\"@context\":\"https:\/\/schema.org\",\"@graph\":[{\"@type\":\"WebPage\",\"@id\":\"https:\/\/biurogdynia.pl\/ubezpieczenia\/ubezpieczenia\/dzialalnosci-gospodarczej\/\",\"url\":\"https:\/\/biurogdynia.pl\/ubezpieczenia\/ubezpieczenia\/dzialalnosci-gospodarczej\/\",\"name\":\"Ubezpieczenie dzia\u0142alno\u015bci gospodarczej, firmy - Tr\u00f3jmiasto, Gdynia, Gda\u0144sk, pomorskie | Abakus\",\"isPartOf\":{\"@id\":\"https:\/\/biurogdynia.pl\/ubezpieczenia\/#website\"},\"datePublished\":\"2019-08-19T11:51:46+00:00\",\"dateModified\":\"2023-01-11T10:50:33+00:00\",\"description\":\"Znajdziemy ubezpieczenie dzia\u0142alno\u015bci gospodarczej dla Pa\u0144stwa firmy \u2013 nawet, je\u015bli Wasza bran\u017ca cechuje si\u0119 wysok\u0105 szkodliwo\u015bci\u0105. Dowiedz si\u0119 wi\u0119cej!\",\"breadcrumb\":{\"@id\":\"https:\/\/biurogdynia.pl\/ubezpieczenia\/ubezpieczenia\/dzialalnosci-gospodarczej\/#breadcrumb\"},\"inLanguage\":\"pl-PL\",\"potentialAction\":[{\"@type\":\"ReadAction\",\"target\":[\"https:\/\/biurogdynia.pl\/ubezpieczenia\/ubezpieczenia\/dzialalnosci-gospodarczej\/\"]}]},{\"@type\":\"BreadcrumbList\",\"@id\":\"https:\/\/biurogdynia.pl\/ubezpieczenia\/ubezpieczenia\/dzialalnosci-gospodarczej\/#breadcrumb\",\"itemListElement\":[{\"@type\":\"ListItem\",\"position\":1,\"name\":\"Strona g\u0142\u00f3wna\",\"item\":\"https:\/\/biurogdynia.pl\/ubezpieczenia\/\"},{\"@type\":\"ListItem\",\"position\":2,\"name\":\"Ubezpieczenia\",\"item\":\"https:\/\/biurogdynia.pl\/ubezpieczenia\/ubezpieczenia\/\"},{\"@type\":\"ListItem\",\"position\":3,\"name\":\"Dzia\u0142alno\u015bci gospodarczej\"}]},{\"@type\":\"WebSite\",\"@id\":\"https:\/\/biurogdynia.pl\/ubezpieczenia\/#website\",\"url\":\"https:\/\/biurogdynia.pl\/ubezpieczenia\/\",\"name\":\"Abakus Ubezpieczenia\",\"description\":\"Ubezpieczenia Tr\u00f3jmiasto, Gdynia, Gda\u0144sk, Sopot, Pomorskie|Firma ubezpieczeniowa Abakus|\",\"potentialAction\":[{\"@type\":\"SearchAction\",\"target\":{\"@type\":\"EntryPoint\",\"urlTemplate\":\"https:\/\/biurogdynia.pl\/ubezpieczenia\/?s={search_term_string}\"},\"query-input\":{\"@type\":\"PropertyValueSpecification\",\"valueRequired\":true,\"valueName\":\"search_term_string\"}}],\"inLanguage\":\"pl-PL\"}]}<\/script>\n<!-- \/ Yoast SEO plugin. -->","yoast_head_json":{"title":"Ubezpieczenie dzia\u0142alno\u015bci gospodarczej, firmy - Tr\u00f3jmiasto, Gdynia, Gda\u0144sk, pomorskie | Abakus","description":"Znajdziemy ubezpieczenie dzia\u0142alno\u015bci gospodarczej dla Pa\u0144stwa firmy \u2013 nawet, je\u015bli Wasza bran\u017ca cechuje si\u0119 wysok\u0105 szkodliwo\u015bci\u0105. Dowiedz si\u0119 wi\u0119cej!","robots":{"index":"index","follow":"follow","max-snippet":"max-snippet:-1","max-image-preview":"max-image-preview:large","max-video-preview":"max-video-preview:-1"},"canonical":"https:\/\/biurogdynia.pl\/ubezpieczenia\/ubezpieczenia\/dzialalnosci-gospodarczej\/","og_locale":"pl_PL","og_type":"article","og_title":"Ubezpieczenie dzia\u0142alno\u015bci gospodarczej, firmy - Tr\u00f3jmiasto, Gdynia, Gda\u0144sk, pomorskie | Abakus","og_description":"Znajdziemy ubezpieczenie dzia\u0142alno\u015bci gospodarczej dla Pa\u0144stwa firmy \u2013 nawet, je\u015bli Wasza bran\u017ca cechuje si\u0119 wysok\u0105 szkodliwo\u015bci\u0105. Dowiedz si\u0119 wi\u0119cej!","og_url":"https:\/\/biurogdynia.pl\/ubezpieczenia\/ubezpieczenia\/dzialalnosci-gospodarczej\/","og_site_name":"Abakus Ubezpieczenia","article_modified_time":"2023-01-11T10:50:33+00:00","twitter_card":"summary_large_image","twitter_misc":{"Szacowany czas czytania":"5 minut"},"schema":{"@context":"https:\/\/schema.org","@graph":[{"@type":"WebPage","@id":"https:\/\/biurogdynia.pl\/ubezpieczenia\/ubezpieczenia\/dzialalnosci-gospodarczej\/","url":"https:\/\/biurogdynia.pl\/ubezpieczenia\/ubezpieczenia\/dzialalnosci-gospodarczej\/","name":"Ubezpieczenie dzia\u0142alno\u015bci gospodarczej, firmy - Tr\u00f3jmiasto, Gdynia, Gda\u0144sk, pomorskie | Abakus","isPartOf":{"@id":"https:\/\/biurogdynia.pl\/ubezpieczenia\/#website"},"datePublished":"2019-08-19T11:51:46+00:00","dateModified":"2023-01-11T10:50:33+00:00","description":"Znajdziemy ubezpieczenie dzia\u0142alno\u015bci gospodarczej dla Pa\u0144stwa firmy \u2013 nawet, je\u015bli Wasza bran\u017ca cechuje si\u0119 wysok\u0105 szkodliwo\u015bci\u0105. Dowiedz si\u0119 wi\u0119cej!","breadcrumb":{"@id":"https:\/\/biurogdynia.pl\/ubezpieczenia\/ubezpieczenia\/dzialalnosci-gospodarczej\/#breadcrumb"},"inLanguage":"pl-PL","potentialAction":[{"@type":"ReadAction","target":["https:\/\/biurogdynia.pl\/ubezpieczenia\/ubezpieczenia\/dzialalnosci-gospodarczej\/"]}]},{"@type":"BreadcrumbList","@id":"https:\/\/biurogdynia.pl\/ubezpieczenia\/ubezpieczenia\/dzialalnosci-gospodarczej\/#breadcrumb","itemListElement":[{"@type":"ListItem","position":1,"name":"Strona g\u0142\u00f3wna","item":"https:\/\/biurogdynia.pl\/ubezpieczenia\/"},{"@type":"ListItem","position":2,"name":"Ubezpieczenia","item":"https:\/\/biurogdynia.pl\/ubezpieczenia\/ubezpieczenia\/"},{"@type":"ListItem","position":3,"name":"Dzia\u0142alno\u015bci gospodarczej"}]},{"@type":"WebSite","@id":"https:\/\/biurogdynia.pl\/ubezpieczenia\/#website","url":"https:\/\/biurogdynia.pl\/ubezpieczenia\/","name":"Abakus Ubezpieczenia","description":"Ubezpieczenia Tr\u00f3jmiasto, Gdynia, Gda\u0144sk, Sopot, Pomorskie|Firma ubezpieczeniowa Abakus|","potentialAction":[{"@type":"SearchAction","target":{"@type":"EntryPoint","urlTemplate":"https:\/\/biurogdynia.pl\/ubezpieczenia\/?s={search_term_string}"},"query-input":{"@type":"PropertyValueSpecification","valueRequired":true,"valueName":"search_term_string"}}],"inLanguage":"pl-PL"}]}},"_links":{"self":[{"href":"https:\/\/biurogdynia.pl\/ubezpieczenia\/wp-json\/wp\/v2\/pages\/914","targetHints":{"allow":["GET"]}}],"collection":[{"href":"https:\/\/biurogdynia.pl\/ubezpieczenia\/wp-json\/wp\/v2\/pages"}],"about":[{"href":"https:\/\/biurogdynia.pl\/ubezpieczenia\/wp-json\/wp\/v2\/types\/page"}],"author":[{"embeddable":true,"href":"https:\/\/biurogdynia.pl\/ubezpieczenia\/wp-json\/wp\/v2\/users\/1"}],"replies":[{"embeddable":true,"href":"https:\/\/biurogdynia.pl\/ubezpieczenia\/wp-json\/wp\/v2\/comments?post=914"}],"version-history":[{"count":0,"href":"https:\/\/biurogdynia.pl\/ubezpieczenia\/wp-json\/wp\/v2\/pages\/914\/revisions"}],"up":[{"embeddable":true,"href":"https:\/\/biurogdynia.pl\/ubezpieczenia\/wp-json\/wp\/v2\/pages\/17"}],"wp:attachment":[{"href":"https:\/\/biurogdynia.pl\/ubezpieczenia\/wp-json\/wp\/v2\/media?parent=914"}],"curies":[{"name":"wp","href":"https:\/\/api.w.org\/{rel}","templated":true}]}}