{"id":555,"date":"2019-07-23T12:48:31","date_gmt":"2019-07-23T10:48:31","guid":{"rendered":"http:\/\/biurogdynia.pl\/?page_id=555"},"modified":"2022-04-29T10:03:37","modified_gmt":"2022-04-29T08:03:37","slug":"komunikacyjne","status":"publish","type":"page","link":"https:\/\/biurogdynia.pl\/ubezpieczenia\/ubezpieczenia\/komunikacyjne\/","title":{"rendered":"Komunikacyjne"},"content":{"rendered":"<div id=\"pl-555\"  class=\"panel-layout\" ><div id=\"pg-555-0\"  class=\"panel-grid panel-has-style\" ><div class=\"intro panel-row-style panel-row-style-for-555-0\" ><div id=\"pgc-555-0-0\"  class=\"panel-grid-cell\" ><div id=\"panel-555-0-0-0\" class=\"so-panel widget widget_text panel-first-child panel-last-child\" data-index=\"0\" >\t\t\t<div class=\"textwidget\"><h1>Ubezpieczenia komunikacyjne<\/h1>\n<p>&nbsp;<\/p>\n<p style=\"text-align: justify; color: #000;\">Nie musisz ogranicza\u0107 si\u0119 wy\u0142\u0105cznie do obowi\u0105zkowego ubezpieczenia OC swojego pojazdu. My przygotowujemy dla Ciebie r\u00f3wnie\u017c polis\u0119 AC, kt\u00f3ra pozwala unikn\u0105\u0107 obaw zwi\u0105zanych ze zniszczeniem pojazdu, a nawet jego kradzie\u017c\u0105. Mo\u017cemy r\u00f3wnie\u017c w ramach ubezpieczenia komunikacyjnego zaproponowa\u0107 NNW kierowcy i pasa\u017cera, dodatek w postaci Assistance, a nawet zaoferowa\u0107 polis\u0119 floty pojazd\u00f3w. Zakres ka\u017cdej oferty jest okre\u015blany indywidualnie wraz z Klientem, a sk\u0142adk\u0119 wyliczamy na podstawie szeregu czynnik\u00f3w, kt\u00f3re omawiamy podczas wst\u0119pnych konsultacji z Pa\u0144stwem. Proponowane rozwi\u0105zania pozwalaj\u0105 unikn\u0105\u0107 wysokich koszt\u00f3w zwi\u0105zanych z naprawami wynik\u0142ymi w efekcie kolizji b\u0105d\u017a wypadku drogowego. Ofert\u0119 kierujemy zar\u00f3wno do Klient\u00f3w indywidualnych, jak i biznesowych.<\/p>\n<p><a href=\"https:\/\/biurogdynia.pl\/ubezpieczenia\/ubezpieczenia\/komunikacyjne\/oc-samochodu\/\">OC Samochodu<\/a><br \/>\n<a href=\"https:\/\/biurogdynia.pl\/ubezpieczenia\/ubezpieczenia\/komunikacyjne\/ac-samochodu\/\">AC Samochodu<\/a><br \/>\n<a href=\"https:\/\/biurogdynia.pl\/ubezpieczenia\/ubezpieczenia\/komunikacyjne\/nnw-kierowcy-pasazerow\/\">NNW kierowcy i pasa\u017cer\u00f3w<\/a><br \/>\n<a href=\"https:\/\/biurogdynia.pl\/ubezpieczenia\/ubezpieczenia\/komunikacyjne\/assistance\/\">Assistance<\/a><br \/>\n<a href=\"https:\/\/biurogdynia.pl\/ubezpieczenia\/ubezpieczenia\/komunikacyjne\/flot-i-pojazdow\/\">Flot i pojazd\u00f3w<\/a><\/p>\n<\/div>\n\t\t<\/div><\/div><\/div><\/div><\/div>","protected":false},"excerpt":{"rendered":"<p>Ubezpieczenia komunikacyjne &nbsp; Nie musisz ogranicza\u0107 si\u0119 wy\u0142\u0105cznie do obowi\u0105zkowego ubezpieczenia OC swojego pojazdu. My przygotowujemy dla Ciebie r\u00f3wnie\u017c polis\u0119 AC, kt\u00f3ra pozwala unikn\u0105\u0107 obaw zwi\u0105zanych ze zniszczeniem pojazdu, a nawet jego kradzie\u017c\u0105. Mo\u017cemy r\u00f3wnie\u017c w ramach ubezpieczenia komunikacyjnego zaproponowa\u0107 NNW kierowcy i pasa\u017cera, dodatek w postaci Assistance, a nawet zaoferowa\u0107 polis\u0119 floty pojazd\u00f3w. Zakres [&hellip;]<\/p>\n","protected":false},"author":1,"featured_media":0,"parent":17,"menu_order":0,"comment_status":"closed","ping_status":"closed","template":"ubezpieczenie.php","meta":{"footnotes":""},"class_list":["post-555","page","type-page","status-publish","hentry"],"yoast_head":"<!-- This site is optimized with the Yoast SEO plugin v24.4 - https:\/\/yoast.com\/wordpress\/plugins\/seo\/ -->\n<title>Ubezpieczenia komunikacyjne, samochodowe - Tr\u00f3jmiasto, Gdynia, Gda\u0144sk | Abakus<\/title>\n<meta name=\"description\" content=\"Jako agencja ubezpieczeniowa pomagamy w wyborze optymalnych ubezpiecze\u0144 komunikacyjnych: OC, AC, NNW, a tak\u017ce Assistance. Proponujemy tak\u017ce opcje dla firm.\" \/>\n<meta name=\"robots\" content=\"index, follow, max-snippet:-1, max-image-preview:large, max-video-preview:-1\" \/>\n<link rel=\"canonical\" href=\"https:\/\/biurogdynia.pl\/ubezpieczenia\/ubezpieczenia\/komunikacyjne\/\" \/>\n<meta property=\"og:locale\" content=\"pl_PL\" \/>\n<meta property=\"og:type\" content=\"article\" \/>\n<meta property=\"og:title\" content=\"Ubezpieczenia komunikacyjne, samochodowe - Tr\u00f3jmiasto, Gdynia, Gda\u0144sk | Abakus\" \/>\n<meta property=\"og:description\" content=\"Jako agencja ubezpieczeniowa pomagamy w wyborze optymalnych ubezpiecze\u0144 komunikacyjnych: OC, AC, NNW, a tak\u017ce Assistance. Proponujemy tak\u017ce opcje dla firm.\" \/>\n<meta property=\"og:url\" content=\"https:\/\/biurogdynia.pl\/ubezpieczenia\/ubezpieczenia\/komunikacyjne\/\" \/>\n<meta property=\"og:site_name\" content=\"Abakus Ubezpieczenia\" \/>\n<meta property=\"article:modified_time\" content=\"2022-04-29T08:03:37+00:00\" \/>\n<meta name=\"twitter:card\" content=\"summary_large_image\" \/>\n<meta name=\"twitter:label1\" content=\"Szacowany czas czytania\" \/>\n\t<meta name=\"twitter:data1\" content=\"1 minuta\" \/>\n<script type=\"application\/ld+json\" class=\"yoast-schema-graph\">{\"@context\":\"https:\/\/schema.org\",\"@graph\":[{\"@type\":\"WebPage\",\"@id\":\"https:\/\/biurogdynia.pl\/ubezpieczenia\/ubezpieczenia\/komunikacyjne\/\",\"url\":\"https:\/\/biurogdynia.pl\/ubezpieczenia\/ubezpieczenia\/komunikacyjne\/\",\"name\":\"Ubezpieczenia komunikacyjne, samochodowe - Tr\u00f3jmiasto, Gdynia, Gda\u0144sk | Abakus\",\"isPartOf\":{\"@id\":\"https:\/\/biurogdynia.pl\/ubezpieczenia\/#website\"},\"datePublished\":\"2019-07-23T10:48:31+00:00\",\"dateModified\":\"2022-04-29T08:03:37+00:00\",\"description\":\"Jako agencja ubezpieczeniowa pomagamy w wyborze optymalnych ubezpiecze\u0144 komunikacyjnych: OC, AC, NNW, a tak\u017ce Assistance. Proponujemy tak\u017ce opcje dla firm.\",\"breadcrumb\":{\"@id\":\"https:\/\/biurogdynia.pl\/ubezpieczenia\/ubezpieczenia\/komunikacyjne\/#breadcrumb\"},\"inLanguage\":\"pl-PL\",\"potentialAction\":[{\"@type\":\"ReadAction\",\"target\":[\"https:\/\/biurogdynia.pl\/ubezpieczenia\/ubezpieczenia\/komunikacyjne\/\"]}]},{\"@type\":\"BreadcrumbList\",\"@id\":\"https:\/\/biurogdynia.pl\/ubezpieczenia\/ubezpieczenia\/komunikacyjne\/#breadcrumb\",\"itemListElement\":[{\"@type\":\"ListItem\",\"position\":1,\"name\":\"Strona g\u0142\u00f3wna\",\"item\":\"https:\/\/biurogdynia.pl\/ubezpieczenia\/\"},{\"@type\":\"ListItem\",\"position\":2,\"name\":\"Ubezpieczenia\",\"item\":\"https:\/\/biurogdynia.pl\/ubezpieczenia\/ubezpieczenia\/\"},{\"@type\":\"ListItem\",\"position\":3,\"name\":\"Komunikacyjne\"}]},{\"@type\":\"WebSite\",\"@id\":\"https:\/\/biurogdynia.pl\/ubezpieczenia\/#website\",\"url\":\"https:\/\/biurogdynia.pl\/ubezpieczenia\/\",\"name\":\"Abakus Ubezpieczenia\",\"description\":\"Ubezpieczenia Tr\u00f3jmiasto, Gdynia, Gda\u0144sk, Sopot, Pomorskie|Firma ubezpieczeniowa Abakus|\",\"potentialAction\":[{\"@type\":\"SearchAction\",\"target\":{\"@type\":\"EntryPoint\",\"urlTemplate\":\"https:\/\/biurogdynia.pl\/ubezpieczenia\/?s={search_term_string}\"},\"query-input\":{\"@type\":\"PropertyValueSpecification\",\"valueRequired\":true,\"valueName\":\"search_term_string\"}}],\"inLanguage\":\"pl-PL\"}]}<\/script>\n<!-- \/ Yoast SEO plugin. -->","yoast_head_json":{"title":"Ubezpieczenia komunikacyjne, samochodowe - Tr\u00f3jmiasto, Gdynia, Gda\u0144sk | Abakus","description":"Jako agencja ubezpieczeniowa pomagamy w wyborze optymalnych ubezpiecze\u0144 komunikacyjnych: OC, AC, NNW, a tak\u017ce Assistance. Proponujemy tak\u017ce opcje dla firm.","robots":{"index":"index","follow":"follow","max-snippet":"max-snippet:-1","max-image-preview":"max-image-preview:large","max-video-preview":"max-video-preview:-1"},"canonical":"https:\/\/biurogdynia.pl\/ubezpieczenia\/ubezpieczenia\/komunikacyjne\/","og_locale":"pl_PL","og_type":"article","og_title":"Ubezpieczenia komunikacyjne, samochodowe - Tr\u00f3jmiasto, Gdynia, Gda\u0144sk | Abakus","og_description":"Jako agencja ubezpieczeniowa pomagamy w wyborze optymalnych ubezpiecze\u0144 komunikacyjnych: OC, AC, NNW, a tak\u017ce Assistance. Proponujemy tak\u017ce opcje dla firm.","og_url":"https:\/\/biurogdynia.pl\/ubezpieczenia\/ubezpieczenia\/komunikacyjne\/","og_site_name":"Abakus Ubezpieczenia","article_modified_time":"2022-04-29T08:03:37+00:00","twitter_card":"summary_large_image","twitter_misc":{"Szacowany czas czytania":"1 minuta"},"schema":{"@context":"https:\/\/schema.org","@graph":[{"@type":"WebPage","@id":"https:\/\/biurogdynia.pl\/ubezpieczenia\/ubezpieczenia\/komunikacyjne\/","url":"https:\/\/biurogdynia.pl\/ubezpieczenia\/ubezpieczenia\/komunikacyjne\/","name":"Ubezpieczenia komunikacyjne, samochodowe - Tr\u00f3jmiasto, Gdynia, Gda\u0144sk | Abakus","isPartOf":{"@id":"https:\/\/biurogdynia.pl\/ubezpieczenia\/#website"},"datePublished":"2019-07-23T10:48:31+00:00","dateModified":"2022-04-29T08:03:37+00:00","description":"Jako agencja ubezpieczeniowa pomagamy w wyborze optymalnych ubezpiecze\u0144 komunikacyjnych: OC, AC, NNW, a tak\u017ce Assistance. Proponujemy tak\u017ce opcje dla firm.","breadcrumb":{"@id":"https:\/\/biurogdynia.pl\/ubezpieczenia\/ubezpieczenia\/komunikacyjne\/#breadcrumb"},"inLanguage":"pl-PL","potentialAction":[{"@type":"ReadAction","target":["https:\/\/biurogdynia.pl\/ubezpieczenia\/ubezpieczenia\/komunikacyjne\/"]}]},{"@type":"BreadcrumbList","@id":"https:\/\/biurogdynia.pl\/ubezpieczenia\/ubezpieczenia\/komunikacyjne\/#breadcrumb","itemListElement":[{"@type":"ListItem","position":1,"name":"Strona g\u0142\u00f3wna","item":"https:\/\/biurogdynia.pl\/ubezpieczenia\/"},{"@type":"ListItem","position":2,"name":"Ubezpieczenia","item":"https:\/\/biurogdynia.pl\/ubezpieczenia\/ubezpieczenia\/"},{"@type":"ListItem","position":3,"name":"Komunikacyjne"}]},{"@type":"WebSite","@id":"https:\/\/biurogdynia.pl\/ubezpieczenia\/#website","url":"https:\/\/biurogdynia.pl\/ubezpieczenia\/","name":"Abakus Ubezpieczenia","description":"Ubezpieczenia Tr\u00f3jmiasto, Gdynia, Gda\u0144sk, Sopot, Pomorskie|Firma ubezpieczeniowa Abakus|","potentialAction":[{"@type":"SearchAction","target":{"@type":"EntryPoint","urlTemplate":"https:\/\/biurogdynia.pl\/ubezpieczenia\/?s={search_term_string}"},"query-input":{"@type":"PropertyValueSpecification","valueRequired":true,"valueName":"search_term_string"}}],"inLanguage":"pl-PL"}]}},"_links":{"self":[{"href":"https:\/\/biurogdynia.pl\/ubezpieczenia\/wp-json\/wp\/v2\/pages\/555","targetHints":{"allow":["GET"]}}],"collection":[{"href":"https:\/\/biurogdynia.pl\/ubezpieczenia\/wp-json\/wp\/v2\/pages"}],"about":[{"href":"https:\/\/biurogdynia.pl\/ubezpieczenia\/wp-json\/wp\/v2\/types\/page"}],"author":[{"embeddable":true,"href":"https:\/\/biurogdynia.pl\/ubezpieczenia\/wp-json\/wp\/v2\/users\/1"}],"replies":[{"embeddable":true,"href":"https:\/\/biurogdynia.pl\/ubezpieczenia\/wp-json\/wp\/v2\/comments?post=555"}],"version-history":[{"count":0,"href":"https:\/\/biurogdynia.pl\/ubezpieczenia\/wp-json\/wp\/v2\/pages\/555\/revisions"}],"up":[{"embeddable":true,"href":"https:\/\/biurogdynia.pl\/ubezpieczenia\/wp-json\/wp\/v2\/pages\/17"}],"wp:attachment":[{"href":"https:\/\/biurogdynia.pl\/ubezpieczenia\/wp-json\/wp\/v2\/media?parent=555"}],"curies":[{"name":"wp","href":"https:\/\/api.w.org\/{rel}","templated":true}]}}