{"id":27,"date":"2017-11-02T11:33:36","date_gmt":"2017-11-02T10:33:36","guid":{"rendered":"http:\/\/biurogdynia.pl\/?page_id=27"},"modified":"2023-01-11T12:12:54","modified_gmt":"2023-01-11T11:12:54","slug":"kontakt","status":"publish","type":"page","link":"https:\/\/biurogdynia.pl\/ubezpieczenia\/kontakt\/","title":{"rendered":"Kontakt"},"content":{"rendered":"<div id=\"pl-27\"  class=\"panel-layout\" ><div id=\"pg-27-0\"  class=\"panel-grid panel-no-style\" ><div id=\"pgc-27-0-0\"  class=\"panel-grid-cell\" ><div id=\"panel-27-0-0-0\" class=\"so-panel widget widget_sow-editor panel-first-child panel-last-child\" data-index=\"0\" ><div class=\"intro panel-widget-style panel-widget-style-for-27-0-0-0\" ><div\n\t\t\t\n\t\t\tclass=\"so-widget-sow-editor so-widget-sow-editor-base\"\n\t\t\t\n\t\t>\n<div class=\"siteorigin-widget-tinymce textwidget\">\n\t<h1 style=\"font-size: 1em\">Zapraszamy<\/h1>\n<\/div>\n<\/div><\/div><\/div><\/div><\/div><div id=\"pg-27-1\"  class=\"panel-grid panel-no-style\" ><div id=\"pgc-27-1-0\"  class=\"panel-grid-cell\" ><div id=\"panel-27-1-0-0\" class=\"so-panel widget widget_sow-editor panel-first-child panel-last-child\" data-index=\"1\" ><div class=\"contact-info panel-widget-style panel-widget-style-for-27-1-0-0\" ><div\n\t\t\t\n\t\t\tclass=\"so-widget-sow-editor so-widget-sow-editor-base\"\n\t\t\t\n\t\t>\n<div class=\"siteorigin-widget-tinymce textwidget\">\n\t<p><img loading=\"lazy\" decoding=\"async\" class=\"alignnone wp-image-1065 size-medium\" src=\"https:\/\/biurogdynia.pl\/ubezpieczenia\/wp-content\/uploads\/2019\/09\/ABAKUS_logo_pion-279x300.png\" alt=\"Abakus Ubezpieczenia\" width=\"279\" height=\"300\" srcset=\"https:\/\/biurogdynia.pl\/ubezpieczenia\/wp-content\/uploads\/2019\/09\/ABAKUS_logo_pion-279x300.png 279w, https:\/\/biurogdynia.pl\/ubezpieczenia\/wp-content\/uploads\/2019\/09\/ABAKUS_logo_pion-768x826.png 768w, https:\/\/biurogdynia.pl\/ubezpieczenia\/wp-content\/uploads\/2019\/09\/ABAKUS_logo_pion-953x1024.png 953w\" sizes=\"auto, (max-width: 279px) 100vw, 279px\" \/><\/p>\n<h5>Adres:<\/h5>\n<p>ul.\u00a0\u015awi\u0119toja\u0144ska \u00a085\/5<\/p>\n<p>drugie pi\u0119tro<\/p>\n<p>81-389 Gdynia<\/p>\n<h5>Telefon:<\/h5>\n<p>691 849 488<\/p>\n<h5>E-mail:<\/h5>\n<p><span style=\"color: #0563c1;\"><u><a href=\"mailto:abakus@abakusubezpieczenia.pl\">abakus@abakusubezpieczenia.pl<\/a><\/u><\/span><\/p>\n<h5>NIP:<\/h5>\n<p>5862181982<\/p>\n<h5>REGON:<\/h5>\n<p>222166355<\/p>\n<h5>Dojazd do klienta:<\/h5>\n<p>Gda\u0144sk, Sopot, Reda, Puck, Elbl\u0105g, Malbork, S\u0142upsk<\/p>\n<\/div>\n<\/div><\/div><\/div><\/div><div id=\"pgc-27-1-1\"  class=\"panel-grid-cell\" ><div id=\"panel-27-1-1-0\" class=\"so-panel widget widget_sow-editor panel-first-child\" data-index=\"2\" ><div class=\"intro panel-widget-style panel-widget-style-for-27-1-1-0\" ><div\n\t\t\t\n\t\t\tclass=\"so-widget-sow-editor so-widget-sow-editor-base\"\n\t\t\t\n\t\t>\n<div class=\"siteorigin-widget-tinymce textwidget\">\n\t<h2>Formularz kontaktowy<\/h2>\n<\/div>\n<\/div><\/div><\/div><div id=\"panel-27-1-1-1\" class=\"so-panel widget widget_sow-editor panel-last-child\" data-index=\"3\" ><div class=\"form-container panel-widget-style panel-widget-style-for-27-1-1-1\" ><div\n\t\t\t\n\t\t\tclass=\"so-widget-sow-editor so-widget-sow-editor-base\"\n\t\t\t\n\t\t>\n<div class=\"siteorigin-widget-tinymce textwidget\">\n\t<p style=\"text-align: center;\">\n<div class=\"wpcf7 no-js\" id=\"wpcf7-f242-o1\" lang=\"pl-PL\" dir=\"ltr\" data-wpcf7-id=\"242\">\n<div class=\"screen-reader-response\"><p role=\"status\" aria-live=\"polite\" aria-atomic=\"true\"><\/p> <ul><\/ul><\/div>\n<form action=\"\/ubezpieczenia\/wp-json\/wp\/v2\/pages\/27#wpcf7-f242-o1\" method=\"post\" class=\"wpcf7-form init\" aria-label=\"Formularz kontaktowy\" novalidate=\"novalidate\" data-status=\"init\">\n<div style=\"display: none;\">\n<input type=\"hidden\" name=\"_wpcf7\" value=\"242\" \/>\n<input type=\"hidden\" name=\"_wpcf7_version\" value=\"6.0.3\" \/>\n<input type=\"hidden\" name=\"_wpcf7_locale\" value=\"pl_PL\" \/>\n<input type=\"hidden\" name=\"_wpcf7_unit_tag\" value=\"wpcf7-f242-o1\" \/>\n<input type=\"hidden\" name=\"_wpcf7_container_post\" value=\"0\" \/>\n<input type=\"hidden\" name=\"_wpcf7_posted_data_hash\" value=\"\" \/>\n<\/div>\n<p><span class=\"wpcf7-form-control-wrap\" data-name=\"your-name\"><input size=\"40\" maxlength=\"400\" class=\"wpcf7-form-control wpcf7-text wpcf7-validates-as-required\" id=\"name\" aria-required=\"true\" aria-invalid=\"false\" value=\"\" type=\"text\" name=\"your-name\" \/><\/span><label for=\"name\"> Imi\u0119 i nazwisko<span class=\"star\"> *<\/span> <\/label><br \/>\n<span class=\"wpcf7-form-control-wrap\" data-name=\"your-subject\"><input size=\"40\" maxlength=\"400\" class=\"wpcf7-form-control wpcf7-text wpcf7-validates-as-required\" id=\"subject\" aria-required=\"true\" aria-invalid=\"false\" value=\"\" type=\"text\" name=\"your-subject\" \/><\/span><label for=\"subject\"> Temat <span class=\"star\"> *<\/span> <\/label><br \/>\n<span class=\"wpcf7-form-control-wrap\" data-name=\"your-message\"><textarea cols=\"40\" rows=\"10\" maxlength=\"2000\" class=\"wpcf7-form-control wpcf7-textarea wpcf7-validates-as-required\" id=\"message\" aria-required=\"true\" aria-invalid=\"false\" name=\"your-message\"><\/textarea><\/span><label for=\"message\"> Tre\u015b\u0107 wiadomo\u015bci <span class=\"star\"> *<\/span> <\/label><br \/>\n<span class=\"wpcf7-form-control-wrap\" data-name=\"your-email\"><input size=\"40\" maxlength=\"400\" class=\"wpcf7-form-control wpcf7-email wpcf7-validates-as-required wpcf7-text wpcf7-validates-as-email\" id=\"mail\" aria-required=\"true\" aria-invalid=\"false\" value=\"\" type=\"email\" name=\"your-email\" \/><\/span><label for=\"mail\"> Adres email<span class=\"star\"> *<\/span><\/label><br \/>\n<span class=\"wpcf7-form-control-wrap\" data-name=\"acceptance-618\"><span class=\"wpcf7-form-control wpcf7-acceptance\"><span class=\"wpcf7-list-item\"><label><input type=\"checkbox\" name=\"acceptance-618\" value=\"1\" aria-invalid=\"false\" \/><span class=\"wpcf7-list-item-label\">Przeczyta\u0142em\/\u0142am i akceptuj\u0119 <a href=\"http:\/\/biurogdynia.pl\/polityka-prywatnosci\/\" target=\"_blank\"> polityk\u0119 prywatno\u015bci <\/a><\/span><\/label><\/span><\/span><\/span><br \/>\n<input class=\"wpcf7-form-control wpcf7-submit has-spinner\" type=\"submit\" value=\"Wy\u015blij\" \/>\n<\/p><div class=\"wpcf7-response-output\" aria-hidden=\"true\"><\/div>\n<\/form>\n<\/div>\n<\/p>\n<\/div>\n<\/div><\/div><\/div><\/div><\/div><div id=\"pg-27-2\"  class=\"panel-grid panel-no-style\" ><div id=\"pgc-27-2-0\"  class=\"panel-grid-cell\" ><div id=\"panel-27-2-0-0\" class=\"so-panel widget widget_text panel-first-child panel-last-child\" data-index=\"4\" >\t\t\t<div class=\"textwidget\"><p><iframe style=\"border: 0;\" src=\" https:\/\/maps.google.pl\/maps?ie=UTF8&amp;q=Abakus+Biuro+Rachunkowe+ul.+%C5%9Awi%C4%99toja%C5%84 ska++85%2F5+81-389+Gdynia&amp;gl=PL&amp;hl=pl&amp;t=m&amp;iwloc=A&amp;output=embed\" width=\"100%\" frameborder=\"0\"><\/iframe><\/p>\n<\/div>\n\t\t<\/div><\/div><\/div><\/div>","protected":false},"excerpt":{"rendered":"<p>Zapraszamy Adres: ul.\u00a0\u015awi\u0119toja\u0144ska \u00a085\/5 drugie pi\u0119tro 81-389 Gdynia Telefon: 691 849 488 E-mail: abakus@abakusubezpieczenia.pl NIP: 5862181982 REGON: 222166355 Dojazd do klienta: Gda\u0144sk, Sopot, Reda, Puck, Elbl\u0105g, Malbork, S\u0142upsk Formularz kontaktowy<\/p>\n","protected":false},"author":1,"featured_media":0,"parent":0,"menu_order":0,"comment_status":"closed","ping_status":"closed","template":"","meta":{"footnotes":""},"class_list":["post-27","page","type-page","status-publish","hentry"],"yoast_head":"<!-- This site is optimized with the Yoast SEO plugin v24.4 - https:\/\/yoast.com\/wordpress\/plugins\/seo\/ -->\n<title>Kontakt | Abakus Ubezpieczenia<\/title>\n<meta name=\"robots\" content=\"index, follow, max-snippet:-1, max-image-preview:large, max-video-preview:-1\" \/>\n<link rel=\"canonical\" href=\"https:\/\/biurogdynia.pl\/ubezpieczenia\/kontakt\/\" \/>\n<meta property=\"og:locale\" content=\"pl_PL\" \/>\n<meta property=\"og:type\" content=\"article\" \/>\n<meta property=\"og:title\" content=\"Kontakt | Abakus Ubezpieczenia\" \/>\n<meta property=\"og:description\" content=\"Zapraszamy Adres: ul.\u00a0\u015awi\u0119toja\u0144ska \u00a085\/5 drugie pi\u0119tro 81-389 Gdynia Telefon: 691 849 488 E-mail: abakus@abakusubezpieczenia.pl NIP: 5862181982 REGON: 222166355 Dojazd do klienta: Gda\u0144sk, Sopot, Reda, Puck, Elbl\u0105g, Malbork, S\u0142upsk Formularz kontaktowy\" \/>\n<meta property=\"og:url\" content=\"https:\/\/biurogdynia.pl\/ubezpieczenia\/kontakt\/\" \/>\n<meta property=\"og:site_name\" content=\"Abakus Ubezpieczenia\" \/>\n<meta property=\"article:modified_time\" content=\"2023-01-11T11:12:54+00:00\" \/>\n<meta property=\"og:image\" content=\"https:\/\/biurogdynia.pl\/ubezpieczenia\/wp-content\/uploads\/2019\/09\/ABAKUS_logo_pion-279x300.png\" \/>\n<meta name=\"twitter:card\" content=\"summary_large_image\" \/>\n<script type=\"application\/ld+json\" class=\"yoast-schema-graph\">{\"@context\":\"https:\/\/schema.org\",\"@graph\":[{\"@type\":\"WebPage\",\"@id\":\"https:\/\/biurogdynia.pl\/ubezpieczenia\/kontakt\/\",\"url\":\"https:\/\/biurogdynia.pl\/ubezpieczenia\/kontakt\/\",\"name\":\"Kontakt | Abakus Ubezpieczenia\",\"isPartOf\":{\"@id\":\"https:\/\/biurogdynia.pl\/ubezpieczenia\/#website\"},\"primaryImageOfPage\":{\"@id\":\"https:\/\/biurogdynia.pl\/ubezpieczenia\/kontakt\/#primaryimage\"},\"image\":{\"@id\":\"https:\/\/biurogdynia.pl\/ubezpieczenia\/kontakt\/#primaryimage\"},\"thumbnailUrl\":\"https:\/\/biurogdynia.pl\/ubezpieczenia\/wp-content\/uploads\/2019\/09\/ABAKUS_logo_pion-279x300.png\",\"datePublished\":\"2017-11-02T10:33:36+00:00\",\"dateModified\":\"2023-01-11T11:12:54+00:00\",\"breadcrumb\":{\"@id\":\"https:\/\/biurogdynia.pl\/ubezpieczenia\/kontakt\/#breadcrumb\"},\"inLanguage\":\"pl-PL\",\"potentialAction\":[{\"@type\":\"ReadAction\",\"target\":[\"https:\/\/biurogdynia.pl\/ubezpieczenia\/kontakt\/\"]}]},{\"@type\":\"ImageObject\",\"inLanguage\":\"pl-PL\",\"@id\":\"https:\/\/biurogdynia.pl\/ubezpieczenia\/kontakt\/#primaryimage\",\"url\":\"https:\/\/biurogdynia.pl\/ubezpieczenia\/wp-content\/uploads\/2019\/09\/ABAKUS_logo_pion-279x300.png\",\"contentUrl\":\"https:\/\/biurogdynia.pl\/ubezpieczenia\/wp-content\/uploads\/2019\/09\/ABAKUS_logo_pion-279x300.png\"},{\"@type\":\"BreadcrumbList\",\"@id\":\"https:\/\/biurogdynia.pl\/ubezpieczenia\/kontakt\/#breadcrumb\",\"itemListElement\":[{\"@type\":\"ListItem\",\"position\":1,\"name\":\"Strona g\u0142\u00f3wna\",\"item\":\"https:\/\/biurogdynia.pl\/ubezpieczenia\/\"},{\"@type\":\"ListItem\",\"position\":2,\"name\":\"Kontakt\"}]},{\"@type\":\"WebSite\",\"@id\":\"https:\/\/biurogdynia.pl\/ubezpieczenia\/#website\",\"url\":\"https:\/\/biurogdynia.pl\/ubezpieczenia\/\",\"name\":\"Abakus Ubezpieczenia\",\"description\":\"Ubezpieczenia Tr\u00f3jmiasto, Gdynia, Gda\u0144sk, Sopot, Pomorskie|Firma ubezpieczeniowa Abakus|\",\"potentialAction\":[{\"@type\":\"SearchAction\",\"target\":{\"@type\":\"EntryPoint\",\"urlTemplate\":\"https:\/\/biurogdynia.pl\/ubezpieczenia\/?s={search_term_string}\"},\"query-input\":{\"@type\":\"PropertyValueSpecification\",\"valueRequired\":true,\"valueName\":\"search_term_string\"}}],\"inLanguage\":\"pl-PL\"}]}<\/script>\n<!-- \/ Yoast SEO plugin. -->","yoast_head_json":{"title":"Kontakt | Abakus Ubezpieczenia","robots":{"index":"index","follow":"follow","max-snippet":"max-snippet:-1","max-image-preview":"max-image-preview:large","max-video-preview":"max-video-preview:-1"},"canonical":"https:\/\/biurogdynia.pl\/ubezpieczenia\/kontakt\/","og_locale":"pl_PL","og_type":"article","og_title":"Kontakt | Abakus Ubezpieczenia","og_description":"Zapraszamy Adres: ul.\u00a0\u015awi\u0119toja\u0144ska \u00a085\/5 drugie pi\u0119tro 81-389 Gdynia Telefon: 691 849 488 E-mail: abakus@abakusubezpieczenia.pl NIP: 5862181982 REGON: 222166355 Dojazd do klienta: Gda\u0144sk, Sopot, Reda, Puck, Elbl\u0105g, Malbork, S\u0142upsk Formularz kontaktowy","og_url":"https:\/\/biurogdynia.pl\/ubezpieczenia\/kontakt\/","og_site_name":"Abakus Ubezpieczenia","article_modified_time":"2023-01-11T11:12:54+00:00","og_image":[{"url":"https:\/\/biurogdynia.pl\/ubezpieczenia\/wp-content\/uploads\/2019\/09\/ABAKUS_logo_pion-279x300.png","type":"","width":"","height":""}],"twitter_card":"summary_large_image","schema":{"@context":"https:\/\/schema.org","@graph":[{"@type":"WebPage","@id":"https:\/\/biurogdynia.pl\/ubezpieczenia\/kontakt\/","url":"https:\/\/biurogdynia.pl\/ubezpieczenia\/kontakt\/","name":"Kontakt | Abakus Ubezpieczenia","isPartOf":{"@id":"https:\/\/biurogdynia.pl\/ubezpieczenia\/#website"},"primaryImageOfPage":{"@id":"https:\/\/biurogdynia.pl\/ubezpieczenia\/kontakt\/#primaryimage"},"image":{"@id":"https:\/\/biurogdynia.pl\/ubezpieczenia\/kontakt\/#primaryimage"},"thumbnailUrl":"https:\/\/biurogdynia.pl\/ubezpieczenia\/wp-content\/uploads\/2019\/09\/ABAKUS_logo_pion-279x300.png","datePublished":"2017-11-02T10:33:36+00:00","dateModified":"2023-01-11T11:12:54+00:00","breadcrumb":{"@id":"https:\/\/biurogdynia.pl\/ubezpieczenia\/kontakt\/#breadcrumb"},"inLanguage":"pl-PL","potentialAction":[{"@type":"ReadAction","target":["https:\/\/biurogdynia.pl\/ubezpieczenia\/kontakt\/"]}]},{"@type":"ImageObject","inLanguage":"pl-PL","@id":"https:\/\/biurogdynia.pl\/ubezpieczenia\/kontakt\/#primaryimage","url":"https:\/\/biurogdynia.pl\/ubezpieczenia\/wp-content\/uploads\/2019\/09\/ABAKUS_logo_pion-279x300.png","contentUrl":"https:\/\/biurogdynia.pl\/ubezpieczenia\/wp-content\/uploads\/2019\/09\/ABAKUS_logo_pion-279x300.png"},{"@type":"BreadcrumbList","@id":"https:\/\/biurogdynia.pl\/ubezpieczenia\/kontakt\/#breadcrumb","itemListElement":[{"@type":"ListItem","position":1,"name":"Strona g\u0142\u00f3wna","item":"https:\/\/biurogdynia.pl\/ubezpieczenia\/"},{"@type":"ListItem","position":2,"name":"Kontakt"}]},{"@type":"WebSite","@id":"https:\/\/biurogdynia.pl\/ubezpieczenia\/#website","url":"https:\/\/biurogdynia.pl\/ubezpieczenia\/","name":"Abakus Ubezpieczenia","description":"Ubezpieczenia Tr\u00f3jmiasto, Gdynia, Gda\u0144sk, Sopot, Pomorskie|Firma ubezpieczeniowa Abakus|","potentialAction":[{"@type":"SearchAction","target":{"@type":"EntryPoint","urlTemplate":"https:\/\/biurogdynia.pl\/ubezpieczenia\/?s={search_term_string}"},"query-input":{"@type":"PropertyValueSpecification","valueRequired":true,"valueName":"search_term_string"}}],"inLanguage":"pl-PL"}]}},"_links":{"self":[{"href":"https:\/\/biurogdynia.pl\/ubezpieczenia\/wp-json\/wp\/v2\/pages\/27","targetHints":{"allow":["GET"]}}],"collection":[{"href":"https:\/\/biurogdynia.pl\/ubezpieczenia\/wp-json\/wp\/v2\/pages"}],"about":[{"href":"https:\/\/biurogdynia.pl\/ubezpieczenia\/wp-json\/wp\/v2\/types\/page"}],"author":[{"embeddable":true,"href":"https:\/\/biurogdynia.pl\/ubezpieczenia\/wp-json\/wp\/v2\/users\/1"}],"replies":[{"embeddable":true,"href":"https:\/\/biurogdynia.pl\/ubezpieczenia\/wp-json\/wp\/v2\/comments?post=27"}],"version-history":[{"count":0,"href":"https:\/\/biurogdynia.pl\/ubezpieczenia\/wp-json\/wp\/v2\/pages\/27\/revisions"}],"wp:attachment":[{"href":"https:\/\/biurogdynia.pl\/ubezpieczenia\/wp-json\/wp\/v2\/media?parent=27"}],"curies":[{"name":"wp","href":"https:\/\/api.w.org\/{rel}","templated":true}]}}