{"id":21,"date":"2017-11-02T11:32:49","date_gmt":"2017-11-02T10:32:49","guid":{"rendered":"http:\/\/biurogdynia.pl\/?page_id=21"},"modified":"2020-01-20T13:03:06","modified_gmt":"2020-01-20T12:03:06","slug":"promocje","status":"publish","type":"page","link":"https:\/\/biurogdynia.pl\/ubezpieczenia\/promocje\/","title":{"rendered":"Promocje"},"content":{"rendered":"<div id=\"pl-21\"  class=\"panel-layout\" ><div id=\"pg-21-0\"  class=\"panel-grid panel-has-style\" ><div class=\"intro panel-row-style panel-row-style-for-21-0\" ><div id=\"pgc-21-0-0\"  class=\"panel-grid-cell\" ><div id=\"panel-21-0-0-0\" class=\"so-panel widget widget_sow-editor panel-first-child\" data-index=\"0\" ><div\n\t\t\t\n\t\t\tclass=\"so-widget-sow-editor so-widget-sow-editor-base\"\n\t\t\t\n\t\t>\n<div class=\"siteorigin-widget-tinymce textwidget\">\n\t<p>&nbsp;<\/p>\n<h1><img loading=\"lazy\" decoding=\"async\" class=\"alignnone wp-image-481\" src=\"https:\/\/biurogdynia.pl\/ubezpieczenia\/wp-content\/uploads\/2017\/11\/01_ikonki-06-270x300.png\" alt=\"\" width=\"55\" height=\"61\" srcset=\"https:\/\/biurogdynia.pl\/ubezpieczenia\/wp-content\/uploads\/2017\/11\/01_ikonki-06-270x300.png 270w, https:\/\/biurogdynia.pl\/ubezpieczenia\/wp-content\/uploads\/2017\/11\/01_ikonki-06.png 306w\" sizes=\"auto, (max-width: 55px) 100vw, 55px\" \/> \u00a0Zwrot do 2000 z\u0142 na us\u0142ugi prawne lub ksi\u0119gowe<\/h1>\n<p>&nbsp;<\/p>\n<\/div>\n<\/div><\/div><div id=\"panel-21-0-0-1\" class=\"so-panel widget widget_sow-editor\" data-index=\"1\" ><div class=\"panel-widget-style panel-widget-style-for-21-0-0-1\" ><div\n\t\t\t\n\t\t\tclass=\"so-widget-sow-editor so-widget-sow-editor-base\"\n\t\t\t\n\t\t>\n<div class=\"siteorigin-widget-tinymce textwidget\">\n\t<p>Obecnie obowi\u0105zuje promocja skierowana dla nowych jak i obecnych klient\u00f3w biura rachunkowego lub kancelarii LL. Abakus ubezpieczenia chc\u0105c zapewni\u0107 profesjonaln\u0105 obs\u0142ug\u0119 dla swoich klient\u00f3w zwraca do 10 % kwoty ubezpieczenia do wykorzystania przy zawieraniu umowy z<a href=\"http:\/\/www.kancelaria-ll.pl\/\" target=\"_blank\" rel=\"noopener\"> Kancelari\u0105 LL<\/a> lub <a href=\"https:\/\/biurogdynia.pl\/\" target=\"_blank\" rel=\"noopener\">Abakus Biurem Rachunkowym.<\/a> Jest to jedyna w swoim rodzaju oferta na rynku, w kt\u00f3rej zar\u00f3wno przedsi\u0119biorcy jak i osoby prywatne mog\u0105 otrzyma\u0107 zwrot w wysoko\u015bci do 2000 z\u0142 do wykorzystania na jakiekolwiek us\u0142ugi Kancelarii LL lub Abakus Biura Rachunkowego. Jeste\u015bmy zdeterminowani do tego aby nasi klienci wychodzili zadowoleni z naszego Centrum Biznesu.<\/p>\n<\/div>\n<\/div><\/div><\/div><div id=\"panel-21-0-0-2\" class=\"so-panel widget widget_sow-editor panel-last-child\" data-index=\"2\" ><div class=\"panel-widget-style panel-widget-style-for-21-0-0-2\" ><div\n\t\t\t\n\t\t\tclass=\"so-widget-sow-editor so-widget-sow-editor-base\"\n\t\t\t\n\t\t>\n<div class=\"siteorigin-widget-tinymce textwidget\">\n\t<h2>Regulamin Promocji Ubezpiecze\u0144<\/h2>\n<ol>\n<li>\n<p align=\"justify\"><span style=\"font-family: Garamond, serif;\"><span style=\"font-size: medium;\"><br \/> Niniejszy Regulamin okre\u015bla zasady otrzymania zni\u017cki za zakup produkt\u00f3w ubezpieczeniowych (dalej: Produkty) w firmie prowadzonej przez Doriana Habrych prowadz\u0105cego dzia\u0142alno\u015b\u0107 gospodarcz\u0105 w zakresie ubezpiecze\u0144 pod firm\u0105 Dorian Habrych Ubezpieczenia z siedzib\u0105 w Gdyni przy ul. Nowodworcowej 14 b\/4, 81 \u2013 389 Gdynia, NIP 586\u00a0218 19 82 (dalej: Agent) w okresie od 01 sierpnia 2019 r. do 30 wrze\u015bnia 2019 r., i dotyczy Produkt\u00f3w zakupionych w okresie trwania promocji na okres maksymalnie 1 roku.<\/span><\/span><\/p>\n<\/li>\n<li>\n<p align=\"justify\"><span style=\"font-family: Garamond, serif;\"><span style=\"font-size: medium;\">Za ka\u017cde wydane 1.000 z\u0142 na zakup Produkt\u00f3w, Ubezpieczaj\u0105cy otrzymuje zni\u017ck\u0119 w wysoko\u015bci 100 z\u0142 na: <\/span><\/span><\/p>\n<\/li>\n<\/ol>\n<ol type=\"a\">\n<li>\n<p align=\"justify\"><span style=\"font-family: Garamond, serif;\"><span style=\"font-size: medium;\">us\u0142ugi ksi\u0119gowe u Ilony Szuka\u0142a prowadz\u0105cej dzia\u0142alno\u015b\u0107 gospodarcz\u0105 pod firm\u0105 Abakus Ilona Szuka\u0142a z siedzib\u0105 w Gdyni przy ul. \u015awi\u0119toja\u0144skiej 85\/5, 81 \u2013 389 Gdynia, NIP 586\u00a0005 58 94, (dalej: Biuro Rachunkowe) albo na <\/span><\/span><\/p>\n<\/li>\n<li>\n<p align=\"justify\"><span style=\"font-family: Garamond, serif;\"><span style=\"font-size: medium;\">us\u0142ugi prawnicze u Aleksandry Lisieckiej prowadz\u0105cej dzia\u0142alno\u015b\u0107 gospodarcz\u0105 pod firm\u0105 Kancelaria Radcy Prawnego Aleksandra Lisiecka z siedzib\u0105 w Gdyni przy ul. \u015awi\u0119toja\u0144skiej 85\/5, 81 \u2013 389 Gdynia, NIP 587\u00a0157 64 67, (dalej: KancelariaLL),<\/span><\/span><\/p>\n<\/li>\n<\/ol>\n<p align=\"justify\"><span style=\"font-family: Garamond, serif;\"><span style=\"font-size: medium;\">je\u017celi op\u0142ata za zakupione Produkty i za us\u0142ugi ksi\u0119gowe albo us\u0142ugi prawnicze (dalej: Us\u0142ugi) dokonywana jest przez Ubezpieczaj\u0105cego w formie jednorazowej.<\/span><\/span><\/p>\n<ol start=\"3\">\n<li>\n<p align=\"justify\"><span style=\"font-family: Garamond, serif;\"><span style=\"font-size: medium;\">Za ka\u017cde wydane 1.000 z\u0142 na zakup Produkt\u00f3w w Firmie, Ubezpieczaj\u0105cy otrzymuje zni\u017ck\u0119 w wysoko\u015bci 50 z\u0142 na: <\/span><\/span><\/p>\n<\/li>\n<\/ol>\n<ol start=\"3\" type=\"a\">\n<li>\n<p align=\"justify\"><span style=\"font-family: Garamond, serif;\"><span style=\"font-size: medium;\">us\u0142ugi ksi\u0119gowe w Biurze Rachunkowym albo na <\/span><\/span><\/p>\n<\/li>\n<li>\n<p align=\"justify\"><span style=\"font-family: Garamond, serif;\"><span style=\"font-size: medium;\">us\u0142ugi prawnicze w KancelariiLL,<\/span><\/span><\/p>\n<\/li>\n<\/ol>\n<p align=\"justify\"><span style=\"font-family: Garamond, serif;\"><span style=\"font-size: medium;\">je\u017celi op\u0142ata za zakupione Produkty lub za Us\u0142ugi dokonywana jest przez Ubezpieczaj\u0105cego w formie ratalnej, chyba \u017ce cena zakupionych Produkt\u00f3w przekracza kwot\u0119 8.000 z\u0142. W takim przypadku stosuje si\u0119 odpowiednio pkt. 2 Regulaminu.<\/span><\/span><\/p>\n<ol start=\"4\">\n<li>\n<p align=\"justify\"><span style=\"font-family: Garamond, serif;\"><span style=\"font-size: medium;\">Zakup produkt\u00f3w ubezpieczeniowych dotyczy sk\u0142adki wp\u0142aconej Ubezpieczycielowi, po odj\u0119ciu wszystkich przyznanych upust\u00f3w i rabat\u00f3w.\u00a0<\/span><\/span><\/p>\n<\/li>\n<li>\n<p align=\"justify\"><span style=\"font-family: Garamond, serif;\"><span style=\"font-size: medium;\">Zni\u017cka przys\u0142uguje za zakup Produkt\u00f3w za cen\u0119 do 20.000 z\u0142 (niezale\u017cnie od sumy ubezpieczeniowej) w okresie wskazanym w pkt. 1, niezale\u017cnie od formy p\u0142atno\u015bci (jednorazowej albo ratalnej). Klient mo\u017ce maksymalnie otrzyma\u0107 zni\u017ck\u0119 w wysoko\u015bci 2.000 z\u0142 przy p\u0142atno\u015bci jednorazowej albo 1.000 z\u0142 przy p\u0142atno\u015bci ratalnej. <\/span><\/span><\/p>\n<\/li>\n<li>\n<p align=\"justify\"><span style=\"font-family: Garamond, serif;\"><span style=\"font-size: medium;\">Zni\u017cka na Us\u0142ugi przys\u0142uguje przez okres 3 miesi\u0119cy od dnia terminowego uregulowania ceny Produktu w ca\u0142o\u015bci lub od ka\u017cdej poszczeg\u00f3lnej raty. W razie niewykorzystania zni\u017cki w terminie, wa\u017cno\u015b\u0107 zni\u017cki wygasa w ca\u0142o\u015bci lub za poszczeg\u00f3ln\u0105 rat\u0119.<\/span><\/span><\/p>\n<\/li>\n<li>\n<p align=\"justify\"><span style=\"font-family: Garamond, serif;\"><span style=\"font-size: medium;\">W przypadku p\u0142atno\u015bci za Produkt w formie ratalnej, Uprawniony do zni\u017cki korzysta ze zni\u017cki w Biurze Rachunkowym albo w Kancelarii proporcjonalnie do wysoko\u015bci jednej raty <\/span><\/span><span style=\"font-family: Garamond, serif;\"><span style=\"font-size: medium;\"><i>(Przyk\u0142ad: Klient zakupi\u0142 ubezpieczenie za kwot\u0119 4.400 z\u0142, p\u0142atn\u0105 w czterech ratach po 1.100 z\u0142; mo\u017cliwo\u015bci wykorzystania zni\u017cki: <\/i><\/span><\/span><\/p>\n<\/li>\n<\/ol>\n<ol type=\"a\">\n<li>\n<p align=\"justify\"><span style=\"font-family: Garamond, serif;\"><span style=\"font-size: medium;\"><i>I rata 1.100 z\u0142 p\u0142atna do 02 stycznia \u2013 zni\u017cka 50 z\u0142 do wykorzystania do 02 kwietnia,<\/i><\/span><\/span><\/p>\n<\/li>\n<li>\n<p align=\"justify\"><span style=\"font-family: Garamond, serif;\"><span style=\"font-size: medium;\"><i>II rata 1.100 z\u0142 p\u0142atna do 02 kwietnia \u2013 zni\u017cka 50 z\u0142 do wykorzystania do 02 lipca,<\/i><\/span><\/span><\/p>\n<\/li>\n<li>\n<p align=\"justify\"><span style=\"font-family: Garamond, serif;\"><span style=\"font-size: medium;\"><i>III rata 1.100 z\u0142 p\u0142atna do 02 lipca \u2013 zni\u017cka 50 z\u0142 do wykorzystania do 02 wrze\u015bnia,<\/i><\/span><\/span><\/p>\n<\/li>\n<li>\n<p align=\"justify\"><span style=\"font-family: Garamond, serif;\"><span style=\"font-size: medium;\"><i>IV rata 1.100 z\u0142 p\u0142atna do 02 wrze\u015bnia \u2013 zni\u017cka 50 z\u0142 do wykorzystania do 02 stycznia nast\u0119pnego roku).<\/i><\/span><\/span><\/p>\n<\/li>\n<\/ol>\n<ol start=\"8\">\n<li>\n<p align=\"justify\"><span style=\"font-family: Garamond, serif;\"><span style=\"font-size: medium;\">Zni\u017cka na Us\u0142ugi przys\u0142uguje jedynie w przypadku terminowego regulowania nale\u017cno\u015bci za Produkt oraz za Us\u0142ugi. Powy\u017csze dotyczy zar\u00f3wno p\u0142atno\u015bci jednorazowych, jak i ratalnych. W razie nieterminowego uiszczenia kt\u00f3rejkolwiek z rat za Produkt, prawo do zni\u017cki wygasa co do kolejnych rat za Produkt. W razie nieterminowego uiszczenia kt\u00f3rejkolwiek z rat za Us\u0142ugi, prawo do zni\u017cki wygasa za t\u0119 rat\u0105 i co do kolejnych rat za Produkt. <\/span><\/span><span style=\"font-family: Garamond, serif;\"><span style=\"font-size: medium;\"><i>(przyk\u0142ad I: Klient zakupi\u0142 ubezpieczenie za kwot\u0119 4.400 z\u0142, p\u0142atn\u0105 w czterech ratach po 1.100 z\u0142; pierwsz\u0105 rat\u0119 zap\u0142aci\u0142 w terminie i otrzyma\u0142 zni\u017ck\u0119 w wysoko\u015bci 50 z\u0142, kt\u00f3r\u0105 wykorzysta\u0142 w terminie; drug\u0105 rat\u0119 zap\u0142aci\u0142 po terminie \u2013 prawo do otrzymania zni\u017cki za drug\u0105, trzeci\u0105 i czwart\u0105 rat\u0119 wygasa). Przyk\u0142ad II: Klient zakupi\u0142 ubezpieczenie za kwot\u0119 4.400 z\u0142, p\u0142atn\u0105 w czterech ratach po 1.100 z\u0142; KancelariiLL Klient r\u00f3wnie\u017c p\u0142aci\u0142 ratalnie; pierwsz\u0105 rat\u0119 za Produkt zap\u0142aci\u0142 w terminie i otrzyma\u0142 zni\u017ck\u0119 w wysoko\u015bci 50 z\u0142, kt\u00f3r\u0105 wykorzysta\u0142 w terminie; drug\u0105 rat\u0119 za Produkt zap\u0142aci\u0142 w terminie, ale rat\u0119 za us\u0142ug\u0119 prawnicz\u0105 zap\u0142aci\u0142 po terminie - prawo do otrzymania zni\u017cki na us\u0142ug\u0119 prawnicz\u0105 na rat\u0119 p\u0142acon\u0105 po terminie i ka\u017cd\u0105 nast\u0119pn\u0105 wygasa).<\/i><\/span><\/span><\/p>\n<\/li>\n<li>\n<p align=\"justify\"><span style=\"font-family: Garamond, serif;\"><span style=\"font-size: medium;\">Zni\u017cka, o kt\u00f3rej mowa w pkt. 2 i 3 Regulaminu, zamiast Ubezpieczaj\u0105cemu, mo\u017ce przys\u0142ugiwa\u0107 innemu podmiotowi, tj. innej osobie fizycznej, prawnej lub innej osobie, kt\u00f3rej nie przys\u0142uguje zdolno\u015b\u0107 do czynno\u015bci prawnych, przez Ubezpieczaj\u0105cego wskazanej najp\u00f3\u017aniej do dnia wystawienia Produktu. Je\u015bli Ubezpieczaj\u0105cy nie wska\u017ce w terminie powy\u017cszym innej osoby uprawnionej do zni\u017cki, uznaje si\u0119, \u017ce zni\u017cka przys\u0142uguje Ubezpieczaj\u0105cemu.<\/span><\/span><\/p>\n<\/li>\n<li>\n<p align=\"justify\"><span style=\"font-family: Garamond, serif;\"><span style=\"font-size: medium;\">W przypadku odst\u0105pienia od umowy na zakup Produktu, rozwi\u0105zania tej umowy lub jej wyga\u015bni\u0119cia przed terminem zako\u0144czenia, zni\u017cka podlega proporcjonalnemu obni\u017ceniu do ceny Produktu wykorzystanego, je\u015bli Klient p\u0142aci\u0142 za us\u0142ugi prawnicze lub ksi\u0119gowe ratalnie. Je\u015bli ca\u0142e wynagrodzenie za w\/w us\u0142ugi zosta\u0142o do dnia odst\u0105pienia, rozwi\u0105zania lub wyga\u015bni\u0119cia zap\u0142acone lub Klient p\u0142aci\u0142 za nie jednorazowo, Klient nie jest zobowi\u0105zany do oddania r\u00f3wnowarto\u015bci zni\u017cki.<\/span><\/span><\/p>\n<\/li>\n<li>\n<p align=\"justify\"><span style=\"font-family: Garamond, serif;\"><span style=\"font-size: medium;\">Je\u017celi, po weryfikacji przez ubezpieczyciela zasadno\u015bci przyznanych upust\u00f3w lub rabat\u00f3w, kt\u00f3re zosta\u0142y naliczone z winy Klienta (poda\u0142 dane nieprawdziwe, niepe\u0142ne, itp.) zni\u017cka nie nale\u017cy si\u0119. Zni\u017cka udzielona przez Biuro Rachunkowe lub Kancelari\u0119LL podlega zwrotowi wraz z odsetkami od dnia wezwania.\u00a0<\/span><\/span><\/p>\n<\/li>\n<li>\n<p align=\"justify\"><span style=\"font-family: Garamond, serif;\"><span style=\"font-size: medium;\">Warto\u015b\u0107 zni\u017cki nie podlega zamianie na \u015brodki pieni\u0119\u017cne. <\/span><\/span><\/p>\n<\/li>\n<li>\n<p align=\"justify\"><span style=\"font-family: Garamond, serif;\"><span style=\"font-size: medium;\">Warunki wsp\u00f3\u0142pracy Osoby uprawnionej do zni\u017cki i Biura Rachunkowego albo KancelariiLL oraz ich p\u0142atno\u015bci w KancelariiLL i Biurze Rachunkowym s\u0105 ustalane indywidualnie. <\/span><\/span><\/p>\n<\/li>\n<li>\n<p align=\"justify\"><span style=\"font-family: Garamond, serif;\"><span style=\"font-size: medium;\">Aby udzielona zosta\u0142a zni\u017cka na Us\u0142ugi, K<\/span><\/span><span style=\"font-family: Garamond, serif;\"><span style=\"font-size: medium;\">lient musi zawrze\u0107 umow\u0119 z jednym z w\/w podmiot\u00f3w. Agent nie ma wgl\u0105du w tre\u015b\u0107 umowy i nie odpowiada za dzia\u0142anie w\/w podmiot\u00f3w co do realizacji zleconej us\u0142ugi. Biuro Rachunkowe i KancelariaLL nie odpowiadaj\u0105 za dzia\u0142anie Agenta i zawierane przez niego umowy oraz za prawid\u0142owo\u015b\u0107 naliczonego rabatu. <\/span><\/span><\/p>\n<\/li>\n<li>\n<p align=\"justify\"><span style=\"font-family: Garamond, serif;\"><span style=\"font-size: medium;\">Zni\u017cka na us\u0142ugi ksi\u0119gowe albo prawnicze jest przewidziana wy\u0142\u0105cznie dla nowych klient\u00f3w Biura Rachunkowego lub KancelariiLL.<\/span><\/span><\/p>\n<\/li>\n<li>\n<p align=\"justify\"><span style=\"font-family: Garamond, serif;\"><span style=\"font-size: medium;\">Zni\u017cka nie obejmuje ubezpieczenia OC PPM.<\/span><\/span><\/p>\n<\/li>\n<li>\n<p align=\"justify\"><span style=\"font-family: Garamond, serif;\"><span style=\"font-size: medium;\">Liczba os\u00f3b bior\u0105cych udzia\u0142 w Promocji jest ograniczona. <\/span><\/span><\/p>\n<\/li>\n<\/ol>\n<\/div>\n<\/div><\/div><\/div><\/div><\/div><\/div><div id=\"pg-21-1\"  class=\"panel-grid panel-has-style\" ><div class=\"intro panel-row-style panel-row-style-for-21-1\" ><div id=\"pgc-21-1-0\"  class=\"panel-grid-cell panel-grid-cell-empty\" ><\/div><\/div><\/div><div id=\"pg-21-2\"  class=\"panel-grid panel-has-style\" ><div class=\"intro panel-row-style panel-row-style-for-21-2\" ><div id=\"pgc-21-2-0\"  class=\"panel-grid-cell panel-grid-cell-empty\" ><\/div><\/div><\/div><\/div>","protected":false},"excerpt":{"rendered":"<p>&nbsp; \u00a0Zwrot do 2000 z\u0142 na us\u0142ugi prawne lub ksi\u0119gowe &nbsp; Obecnie obowi\u0105zuje promocja skierowana dla nowych jak i obecnych klient\u00f3w biura rachunkowego lub kancelarii LL. Abakus ubezpieczenia chc\u0105c zapewni\u0107 profesjonaln\u0105 obs\u0142ug\u0119 dla swoich klient\u00f3w zwraca do 10 % kwoty ubezpieczenia do wykorzystania przy zawieraniu umowy z Kancelari\u0105 LL lub Abakus Biurem Rachunkowym. Jest to [&hellip;]<\/p>\n","protected":false},"author":1,"featured_media":0,"parent":0,"menu_order":0,"comment_status":"closed","ping_status":"closed","template":"ubezpieczenie.php","meta":{"footnotes":""},"class_list":["post-21","page","type-page","status-publish","hentry"],"yoast_head":"<!-- This site is optimized with the Yoast SEO plugin v24.4 - https:\/\/yoast.com\/wordpress\/plugins\/seo\/ -->\n<title>Promocje | Abakus Ubezpieczenia<\/title>\n<meta name=\"robots\" content=\"index, follow, max-snippet:-1, max-image-preview:large, max-video-preview:-1\" \/>\n<link rel=\"canonical\" href=\"https:\/\/biurogdynia.pl\/ubezpieczenia\/promocje\/\" \/>\n<meta property=\"og:locale\" content=\"pl_PL\" \/>\n<meta property=\"og:type\" content=\"article\" \/>\n<meta property=\"og:title\" content=\"Promocje | Abakus Ubezpieczenia\" \/>\n<meta property=\"og:description\" content=\"&nbsp; \u00a0Zwrot do 2000 z\u0142 na us\u0142ugi prawne lub ksi\u0119gowe &nbsp; Obecnie obowi\u0105zuje promocja skierowana dla nowych jak i obecnych klient\u00f3w biura rachunkowego lub kancelarii LL. Abakus ubezpieczenia chc\u0105c zapewni\u0107 profesjonaln\u0105 obs\u0142ug\u0119 dla swoich klient\u00f3w zwraca do 10 % kwoty ubezpieczenia do wykorzystania przy zawieraniu umowy z Kancelari\u0105 LL lub Abakus Biurem Rachunkowym. Jest to [&hellip;]\" \/>\n<meta property=\"og:url\" content=\"https:\/\/biurogdynia.pl\/ubezpieczenia\/promocje\/\" \/>\n<meta property=\"og:site_name\" content=\"Abakus Ubezpieczenia\" \/>\n<meta property=\"article:modified_time\" content=\"2020-01-20T12:03:06+00:00\" \/>\n<meta property=\"og:image\" content=\"https:\/\/biurogdynia.pl\/ubezpieczenia\/wp-content\/uploads\/2017\/11\/01_ikonki-06.png\" \/>\n\t<meta property=\"og:image:width\" content=\"306\" \/>\n\t<meta property=\"og:image:height\" content=\"340\" \/>\n\t<meta property=\"og:image:type\" content=\"image\/png\" \/>\n<meta name=\"twitter:card\" content=\"summary_large_image\" \/>\n<meta name=\"twitter:label1\" content=\"Szacowany czas czytania\" \/>\n\t<meta name=\"twitter:data1\" content=\"6 minut\" \/>\n<script type=\"application\/ld+json\" class=\"yoast-schema-graph\">{\"@context\":\"https:\/\/schema.org\",\"@graph\":[{\"@type\":\"WebPage\",\"@id\":\"https:\/\/biurogdynia.pl\/ubezpieczenia\/promocje\/\",\"url\":\"https:\/\/biurogdynia.pl\/ubezpieczenia\/promocje\/\",\"name\":\"Promocje | Abakus Ubezpieczenia\",\"isPartOf\":{\"@id\":\"https:\/\/biurogdynia.pl\/ubezpieczenia\/#website\"},\"primaryImageOfPage\":{\"@id\":\"https:\/\/biurogdynia.pl\/ubezpieczenia\/promocje\/#primaryimage\"},\"image\":{\"@id\":\"https:\/\/biurogdynia.pl\/ubezpieczenia\/promocje\/#primaryimage\"},\"thumbnailUrl\":\"https:\/\/biurogdynia.pl\/ubezpieczenia\/wp-content\/uploads\/2017\/11\/01_ikonki-06-270x300.png\",\"datePublished\":\"2017-11-02T10:32:49+00:00\",\"dateModified\":\"2020-01-20T12:03:06+00:00\",\"breadcrumb\":{\"@id\":\"https:\/\/biurogdynia.pl\/ubezpieczenia\/promocje\/#breadcrumb\"},\"inLanguage\":\"pl-PL\",\"potentialAction\":[{\"@type\":\"ReadAction\",\"target\":[\"https:\/\/biurogdynia.pl\/ubezpieczenia\/promocje\/\"]}]},{\"@type\":\"ImageObject\",\"inLanguage\":\"pl-PL\",\"@id\":\"https:\/\/biurogdynia.pl\/ubezpieczenia\/promocje\/#primaryimage\",\"url\":\"https:\/\/biurogdynia.pl\/ubezpieczenia\/wp-content\/uploads\/2017\/11\/01_ikonki-06.png\",\"contentUrl\":\"https:\/\/biurogdynia.pl\/ubezpieczenia\/wp-content\/uploads\/2017\/11\/01_ikonki-06.png\",\"width\":306,\"height\":340},{\"@type\":\"BreadcrumbList\",\"@id\":\"https:\/\/biurogdynia.pl\/ubezpieczenia\/promocje\/#breadcrumb\",\"itemListElement\":[{\"@type\":\"ListItem\",\"position\":1,\"name\":\"Strona g\u0142\u00f3wna\",\"item\":\"https:\/\/biurogdynia.pl\/ubezpieczenia\/\"},{\"@type\":\"ListItem\",\"position\":2,\"name\":\"Promocje\"}]},{\"@type\":\"WebSite\",\"@id\":\"https:\/\/biurogdynia.pl\/ubezpieczenia\/#website\",\"url\":\"https:\/\/biurogdynia.pl\/ubezpieczenia\/\",\"name\":\"Abakus Ubezpieczenia\",\"description\":\"Ubezpieczenia Tr\u00f3jmiasto, Gdynia, Gda\u0144sk, Sopot, Pomorskie|Firma ubezpieczeniowa Abakus|\",\"potentialAction\":[{\"@type\":\"SearchAction\",\"target\":{\"@type\":\"EntryPoint\",\"urlTemplate\":\"https:\/\/biurogdynia.pl\/ubezpieczenia\/?s={search_term_string}\"},\"query-input\":{\"@type\":\"PropertyValueSpecification\",\"valueRequired\":true,\"valueName\":\"search_term_string\"}}],\"inLanguage\":\"pl-PL\"}]}<\/script>\n<!-- \/ Yoast SEO plugin. -->","yoast_head_json":{"title":"Promocje | Abakus Ubezpieczenia","robots":{"index":"index","follow":"follow","max-snippet":"max-snippet:-1","max-image-preview":"max-image-preview:large","max-video-preview":"max-video-preview:-1"},"canonical":"https:\/\/biurogdynia.pl\/ubezpieczenia\/promocje\/","og_locale":"pl_PL","og_type":"article","og_title":"Promocje | Abakus Ubezpieczenia","og_description":"&nbsp; \u00a0Zwrot do 2000 z\u0142 na us\u0142ugi prawne lub ksi\u0119gowe &nbsp; Obecnie obowi\u0105zuje promocja skierowana dla nowych jak i obecnych klient\u00f3w biura rachunkowego lub kancelarii LL. Abakus ubezpieczenia chc\u0105c zapewni\u0107 profesjonaln\u0105 obs\u0142ug\u0119 dla swoich klient\u00f3w zwraca do 10 % kwoty ubezpieczenia do wykorzystania przy zawieraniu umowy z Kancelari\u0105 LL lub Abakus Biurem Rachunkowym. Jest to [&hellip;]","og_url":"https:\/\/biurogdynia.pl\/ubezpieczenia\/promocje\/","og_site_name":"Abakus Ubezpieczenia","article_modified_time":"2020-01-20T12:03:06+00:00","og_image":[{"width":306,"height":340,"url":"https:\/\/biurogdynia.pl\/ubezpieczenia\/wp-content\/uploads\/2017\/11\/01_ikonki-06.png","type":"image\/png"}],"twitter_card":"summary_large_image","twitter_misc":{"Szacowany czas czytania":"6 minut"},"schema":{"@context":"https:\/\/schema.org","@graph":[{"@type":"WebPage","@id":"https:\/\/biurogdynia.pl\/ubezpieczenia\/promocje\/","url":"https:\/\/biurogdynia.pl\/ubezpieczenia\/promocje\/","name":"Promocje | Abakus Ubezpieczenia","isPartOf":{"@id":"https:\/\/biurogdynia.pl\/ubezpieczenia\/#website"},"primaryImageOfPage":{"@id":"https:\/\/biurogdynia.pl\/ubezpieczenia\/promocje\/#primaryimage"},"image":{"@id":"https:\/\/biurogdynia.pl\/ubezpieczenia\/promocje\/#primaryimage"},"thumbnailUrl":"https:\/\/biurogdynia.pl\/ubezpieczenia\/wp-content\/uploads\/2017\/11\/01_ikonki-06-270x300.png","datePublished":"2017-11-02T10:32:49+00:00","dateModified":"2020-01-20T12:03:06+00:00","breadcrumb":{"@id":"https:\/\/biurogdynia.pl\/ubezpieczenia\/promocje\/#breadcrumb"},"inLanguage":"pl-PL","potentialAction":[{"@type":"ReadAction","target":["https:\/\/biurogdynia.pl\/ubezpieczenia\/promocje\/"]}]},{"@type":"ImageObject","inLanguage":"pl-PL","@id":"https:\/\/biurogdynia.pl\/ubezpieczenia\/promocje\/#primaryimage","url":"https:\/\/biurogdynia.pl\/ubezpieczenia\/wp-content\/uploads\/2017\/11\/01_ikonki-06.png","contentUrl":"https:\/\/biurogdynia.pl\/ubezpieczenia\/wp-content\/uploads\/2017\/11\/01_ikonki-06.png","width":306,"height":340},{"@type":"BreadcrumbList","@id":"https:\/\/biurogdynia.pl\/ubezpieczenia\/promocje\/#breadcrumb","itemListElement":[{"@type":"ListItem","position":1,"name":"Strona g\u0142\u00f3wna","item":"https:\/\/biurogdynia.pl\/ubezpieczenia\/"},{"@type":"ListItem","position":2,"name":"Promocje"}]},{"@type":"WebSite","@id":"https:\/\/biurogdynia.pl\/ubezpieczenia\/#website","url":"https:\/\/biurogdynia.pl\/ubezpieczenia\/","name":"Abakus Ubezpieczenia","description":"Ubezpieczenia Tr\u00f3jmiasto, Gdynia, Gda\u0144sk, Sopot, Pomorskie|Firma ubezpieczeniowa Abakus|","potentialAction":[{"@type":"SearchAction","target":{"@type":"EntryPoint","urlTemplate":"https:\/\/biurogdynia.pl\/ubezpieczenia\/?s={search_term_string}"},"query-input":{"@type":"PropertyValueSpecification","valueRequired":true,"valueName":"search_term_string"}}],"inLanguage":"pl-PL"}]}},"_links":{"self":[{"href":"https:\/\/biurogdynia.pl\/ubezpieczenia\/wp-json\/wp\/v2\/pages\/21","targetHints":{"allow":["GET"]}}],"collection":[{"href":"https:\/\/biurogdynia.pl\/ubezpieczenia\/wp-json\/wp\/v2\/pages"}],"about":[{"href":"https:\/\/biurogdynia.pl\/ubezpieczenia\/wp-json\/wp\/v2\/types\/page"}],"author":[{"embeddable":true,"href":"https:\/\/biurogdynia.pl\/ubezpieczenia\/wp-json\/wp\/v2\/users\/1"}],"replies":[{"embeddable":true,"href":"https:\/\/biurogdynia.pl\/ubezpieczenia\/wp-json\/wp\/v2\/comments?post=21"}],"version-history":[{"count":0,"href":"https:\/\/biurogdynia.pl\/ubezpieczenia\/wp-json\/wp\/v2\/pages\/21\/revisions"}],"wp:attachment":[{"href":"https:\/\/biurogdynia.pl\/ubezpieczenia\/wp-json\/wp\/v2\/media?parent=21"}],"curies":[{"name":"wp","href":"https:\/\/api.w.org\/{rel}","templated":true}]}}