{"id":1042,"date":"2019-08-30T09:39:04","date_gmt":"2019-08-30T07:39:04","guid":{"rendered":"http:\/\/dorian.okinter2.vot.pl\/?page_id=1042"},"modified":"2019-12-04T09:12:54","modified_gmt":"2019-12-04T08:12:54","slug":"towarzystwa-ubezpieczeniowe","status":"publish","type":"page","link":"https:\/\/biurogdynia.pl\/ubezpieczenia\/towarzystwa-ubezpieczeniowe\/","title":{"rendered":"Towarzystwa ubezpieczeniowe"},"content":{"rendered":"<div id=\"pl-1042\"  class=\"panel-layout\" ><div id=\"pg-1042-0\"  class=\"panel-grid panel-has-style\" ><div class=\"intro panel-row-style panel-row-style-for-1042-0\" ><div id=\"pgc-1042-0-0\"  class=\"panel-grid-cell\" ><div id=\"panel-1042-0-0-0\" class=\"so-panel widget widget_sow-editor panel-first-child panel-last-child\" data-index=\"0\" ><div\n\t\t\t\n\t\t\tclass=\"so-widget-sow-editor so-widget-sow-editor-base\"\n\t\t\t\n\t\t>\n<div class=\"siteorigin-widget-tinymce textwidget\">\n\t<p>Wsp\u00f3\u0142pracuj\u0119 z:\u00a0<\/p>\n<ul>\n<li>ERGO Hestia S.A.<\/li>\n<li>TUiR Allianz Polska S.A.<\/li>\n<li>AXA Ubezpieczenia TUiR S.A.<\/li>\n<li>Concordia Polska TUW S.A.\u00a0<\/li>\n<li>Generali TU S.A.\/Proama S.A.\u00a0<\/li>\n<li>Wiener TU S.A. Vienna Insurance Group\u00a0<\/li>\n<li>TU Inter Polska S.A.\u00a0<\/li>\n<li>TU InterRisk S.A.\u00a0<\/li>\n<li>PZU S.A.<\/li>\n<li>Signal Iduna Polska TU S.A.\u00a0<\/li>\n<li>Uniqa TU S.A.\u00a0<\/li>\n<li>TUiR Warta S.A.\u00a0<\/li>\n<\/ul>\n<p>\u00a0<\/p>\n<\/div>\n<\/div><\/div><\/div><\/div><\/div><\/div>","protected":false},"excerpt":{"rendered":"<p>Wsp\u00f3\u0142pracuj\u0119 z:\u00a0 ERGO Hestia S.A. TUiR Allianz Polska S.A. AXA Ubezpieczenia TUiR S.A. Concordia Polska TUW S.A.\u00a0 Generali TU S.A.\/Proama S.A.\u00a0 Wiener TU S.A. Vienna Insurance Group\u00a0 TU Inter Polska S.A.\u00a0 TU InterRisk S.A.\u00a0 PZU S.A. Signal Iduna Polska TU S.A.\u00a0 Uniqa TU S.A.\u00a0 TUiR Warta S.A.\u00a0 \u00a0<\/p>\n","protected":false},"author":1,"featured_media":0,"parent":0,"menu_order":0,"comment_status":"closed","ping_status":"closed","template":"","meta":{"footnotes":""},"class_list":["post-1042","page","type-page","status-publish","hentry"],"yoast_head":"<!-- This site is optimized with the Yoast SEO plugin v24.4 - https:\/\/yoast.com\/wordpress\/plugins\/seo\/ -->\n<title>Towarzystwa ubezpieczeniowe | Abakus Ubezpieczenia<\/title>\n<meta name=\"robots\" content=\"index, follow, max-snippet:-1, max-image-preview:large, max-video-preview:-1\" \/>\n<link rel=\"canonical\" href=\"https:\/\/biurogdynia.pl\/ubezpieczenia\/towarzystwa-ubezpieczeniowe\/\" \/>\n<meta property=\"og:locale\" content=\"pl_PL\" \/>\n<meta property=\"og:type\" content=\"article\" \/>\n<meta property=\"og:title\" content=\"Towarzystwa ubezpieczeniowe | Abakus Ubezpieczenia\" \/>\n<meta property=\"og:description\" content=\"Wsp\u00f3\u0142pracuj\u0119 z:\u00a0 ERGO Hestia S.A. TUiR Allianz Polska S.A. AXA Ubezpieczenia TUiR S.A. Concordia Polska TUW S.A.\u00a0 Generali TU S.A.\/Proama S.A.\u00a0 Wiener TU S.A. Vienna Insurance Group\u00a0 TU Inter Polska S.A.\u00a0 TU InterRisk S.A.\u00a0 PZU S.A. Signal Iduna Polska TU S.A.\u00a0 Uniqa TU S.A.\u00a0 TUiR Warta S.A.\u00a0 \u00a0\" \/>\n<meta property=\"og:url\" content=\"https:\/\/biurogdynia.pl\/ubezpieczenia\/towarzystwa-ubezpieczeniowe\/\" \/>\n<meta property=\"og:site_name\" content=\"Abakus Ubezpieczenia\" \/>\n<meta property=\"article:modified_time\" content=\"2019-12-04T08:12:54+00:00\" \/>\n<meta name=\"twitter:card\" content=\"summary_large_image\" \/>\n<script type=\"application\/ld+json\" class=\"yoast-schema-graph\">{\"@context\":\"https:\/\/schema.org\",\"@graph\":[{\"@type\":\"WebPage\",\"@id\":\"https:\/\/biurogdynia.pl\/ubezpieczenia\/towarzystwa-ubezpieczeniowe\/\",\"url\":\"https:\/\/biurogdynia.pl\/ubezpieczenia\/towarzystwa-ubezpieczeniowe\/\",\"name\":\"Towarzystwa ubezpieczeniowe | Abakus Ubezpieczenia\",\"isPartOf\":{\"@id\":\"https:\/\/biurogdynia.pl\/ubezpieczenia\/#website\"},\"datePublished\":\"2019-08-30T07:39:04+00:00\",\"dateModified\":\"2019-12-04T08:12:54+00:00\",\"breadcrumb\":{\"@id\":\"https:\/\/biurogdynia.pl\/ubezpieczenia\/towarzystwa-ubezpieczeniowe\/#breadcrumb\"},\"inLanguage\":\"pl-PL\",\"potentialAction\":[{\"@type\":\"ReadAction\",\"target\":[\"https:\/\/biurogdynia.pl\/ubezpieczenia\/towarzystwa-ubezpieczeniowe\/\"]}]},{\"@type\":\"BreadcrumbList\",\"@id\":\"https:\/\/biurogdynia.pl\/ubezpieczenia\/towarzystwa-ubezpieczeniowe\/#breadcrumb\",\"itemListElement\":[{\"@type\":\"ListItem\",\"position\":1,\"name\":\"Strona g\u0142\u00f3wna\",\"item\":\"https:\/\/biurogdynia.pl\/ubezpieczenia\/\"},{\"@type\":\"ListItem\",\"position\":2,\"name\":\"Towarzystwa ubezpieczeniowe\"}]},{\"@type\":\"WebSite\",\"@id\":\"https:\/\/biurogdynia.pl\/ubezpieczenia\/#website\",\"url\":\"https:\/\/biurogdynia.pl\/ubezpieczenia\/\",\"name\":\"Abakus Ubezpieczenia\",\"description\":\"Ubezpieczenia Tr\u00f3jmiasto, Gdynia, Gda\u0144sk, Sopot, Pomorskie|Firma ubezpieczeniowa Abakus|\",\"potentialAction\":[{\"@type\":\"SearchAction\",\"target\":{\"@type\":\"EntryPoint\",\"urlTemplate\":\"https:\/\/biurogdynia.pl\/ubezpieczenia\/?s={search_term_string}\"},\"query-input\":{\"@type\":\"PropertyValueSpecification\",\"valueRequired\":true,\"valueName\":\"search_term_string\"}}],\"inLanguage\":\"pl-PL\"}]}<\/script>\n<!-- \/ Yoast SEO plugin. -->","yoast_head_json":{"title":"Towarzystwa ubezpieczeniowe | Abakus Ubezpieczenia","robots":{"index":"index","follow":"follow","max-snippet":"max-snippet:-1","max-image-preview":"max-image-preview:large","max-video-preview":"max-video-preview:-1"},"canonical":"https:\/\/biurogdynia.pl\/ubezpieczenia\/towarzystwa-ubezpieczeniowe\/","og_locale":"pl_PL","og_type":"article","og_title":"Towarzystwa ubezpieczeniowe | Abakus Ubezpieczenia","og_description":"Wsp\u00f3\u0142pracuj\u0119 z:\u00a0 ERGO Hestia S.A. TUiR Allianz Polska S.A. AXA Ubezpieczenia TUiR S.A. Concordia Polska TUW S.A.\u00a0 Generali TU S.A.\/Proama S.A.\u00a0 Wiener TU S.A. Vienna Insurance Group\u00a0 TU Inter Polska S.A.\u00a0 TU InterRisk S.A.\u00a0 PZU S.A. Signal Iduna Polska TU S.A.\u00a0 Uniqa TU S.A.\u00a0 TUiR Warta S.A.\u00a0 \u00a0","og_url":"https:\/\/biurogdynia.pl\/ubezpieczenia\/towarzystwa-ubezpieczeniowe\/","og_site_name":"Abakus Ubezpieczenia","article_modified_time":"2019-12-04T08:12:54+00:00","twitter_card":"summary_large_image","schema":{"@context":"https:\/\/schema.org","@graph":[{"@type":"WebPage","@id":"https:\/\/biurogdynia.pl\/ubezpieczenia\/towarzystwa-ubezpieczeniowe\/","url":"https:\/\/biurogdynia.pl\/ubezpieczenia\/towarzystwa-ubezpieczeniowe\/","name":"Towarzystwa ubezpieczeniowe | Abakus Ubezpieczenia","isPartOf":{"@id":"https:\/\/biurogdynia.pl\/ubezpieczenia\/#website"},"datePublished":"2019-08-30T07:39:04+00:00","dateModified":"2019-12-04T08:12:54+00:00","breadcrumb":{"@id":"https:\/\/biurogdynia.pl\/ubezpieczenia\/towarzystwa-ubezpieczeniowe\/#breadcrumb"},"inLanguage":"pl-PL","potentialAction":[{"@type":"ReadAction","target":["https:\/\/biurogdynia.pl\/ubezpieczenia\/towarzystwa-ubezpieczeniowe\/"]}]},{"@type":"BreadcrumbList","@id":"https:\/\/biurogdynia.pl\/ubezpieczenia\/towarzystwa-ubezpieczeniowe\/#breadcrumb","itemListElement":[{"@type":"ListItem","position":1,"name":"Strona g\u0142\u00f3wna","item":"https:\/\/biurogdynia.pl\/ubezpieczenia\/"},{"@type":"ListItem","position":2,"name":"Towarzystwa ubezpieczeniowe"}]},{"@type":"WebSite","@id":"https:\/\/biurogdynia.pl\/ubezpieczenia\/#website","url":"https:\/\/biurogdynia.pl\/ubezpieczenia\/","name":"Abakus Ubezpieczenia","description":"Ubezpieczenia Tr\u00f3jmiasto, Gdynia, Gda\u0144sk, Sopot, Pomorskie|Firma ubezpieczeniowa Abakus|","potentialAction":[{"@type":"SearchAction","target":{"@type":"EntryPoint","urlTemplate":"https:\/\/biurogdynia.pl\/ubezpieczenia\/?s={search_term_string}"},"query-input":{"@type":"PropertyValueSpecification","valueRequired":true,"valueName":"search_term_string"}}],"inLanguage":"pl-PL"}]}},"_links":{"self":[{"href":"https:\/\/biurogdynia.pl\/ubezpieczenia\/wp-json\/wp\/v2\/pages\/1042","targetHints":{"allow":["GET"]}}],"collection":[{"href":"https:\/\/biurogdynia.pl\/ubezpieczenia\/wp-json\/wp\/v2\/pages"}],"about":[{"href":"https:\/\/biurogdynia.pl\/ubezpieczenia\/wp-json\/wp\/v2\/types\/page"}],"author":[{"embeddable":true,"href":"https:\/\/biurogdynia.pl\/ubezpieczenia\/wp-json\/wp\/v2\/users\/1"}],"replies":[{"embeddable":true,"href":"https:\/\/biurogdynia.pl\/ubezpieczenia\/wp-json\/wp\/v2\/comments?post=1042"}],"version-history":[{"count":0,"href":"https:\/\/biurogdynia.pl\/ubezpieczenia\/wp-json\/wp\/v2\/pages\/1042\/revisions"}],"wp:attachment":[{"href":"https:\/\/biurogdynia.pl\/ubezpieczenia\/wp-json\/wp\/v2\/media?parent=1042"}],"curies":[{"name":"wp","href":"https:\/\/api.w.org\/{rel}","templated":true}]}}