{"id":1038,"date":"2019-08-30T09:36:56","date_gmt":"2019-08-30T07:36:56","guid":{"rendered":"http:\/\/dorian.okinter2.vot.pl\/?page_id=1038"},"modified":"2023-01-11T11:54:24","modified_gmt":"2023-01-11T10:54:24","slug":"zaloga","status":"publish","type":"page","link":"https:\/\/biurogdynia.pl\/ubezpieczenia\/zaloga\/","title":{"rendered":"Za\u0142oga"},"content":{"rendered":"<div id=\"pl-1038\"  class=\"panel-layout\" ><div id=\"pg-1038-0\"  class=\"panel-grid panel-has-style\" ><div class=\"intro panel-row-style panel-row-style-for-1038-0\" ><div id=\"pgc-1038-0-0\"  class=\"panel-grid-cell\" ><div id=\"panel-1038-0-0-0\" class=\"so-panel widget widget_sow-editor panel-first-child panel-last-child\" data-index=\"0\" ><div\n\t\t\t\n\t\t\tclass=\"so-widget-sow-editor so-widget-sow-editor-base\"\n\t\t\t\n\t\t>\n<div class=\"siteorigin-widget-tinymce textwidget\">\n\t<h1 style=\"font-size: 1em\">Dorian Habrych<\/h1>\n<h3><img loading=\"lazy\" decoding=\"async\" class=\"size-medium wp-image-1079 alignright\" style=\"font-size: 16px;\" src=\"https:\/\/biurogdynia.pl\/ubezpieczenia\/wp-content\/uploads\/2019\/09\/DSC_0153-kopia-300x200.jpg\" alt=\"\" width=\"300\" height=\"200\" srcset=\"https:\/\/biurogdynia.pl\/ubezpieczenia\/wp-content\/uploads\/2019\/09\/DSC_0153-kopia-300x200.jpg 300w, https:\/\/biurogdynia.pl\/ubezpieczenia\/wp-content\/uploads\/2019\/09\/DSC_0153-kopia-768x512.jpg 768w, https:\/\/biurogdynia.pl\/ubezpieczenia\/wp-content\/uploads\/2019\/09\/DSC_0153-kopia-1024x683.jpg 1024w, https:\/\/biurogdynia.pl\/ubezpieczenia\/wp-content\/uploads\/2019\/09\/DSC_0153-kopia-272x182.jpg 272w\" sizes=\"auto, (max-width: 300px) 100vw, 300px\" \/><\/h3>\n<p>Specjalista ds. ubezpiecze\u0144.<\/p>\n<p style=\"color: #000000; text-align: justify;\">Ubezpieczenia stanowi\u0105 idealne uzupe\u0142nienie us\u0142ug \u015bwiadczonych przez Kancelari\u0119 LL oraz Biuro rachunkowe Abakus maj\u0105cych swoj\u0105 siedzib\u0119 w Gdyni. \u0141\u0105cz\u0105c nasze kompetencje i do\u015bwiadczenie jeste\u015bmy w stanie w spos\u00f3b bezkonkurencyjny rozwi\u0105za\u0107 ka\u017cdy problem klient\u00f3w z bardzo szerokiego spektrum problem\u00f3w, kt\u00f3re wyst\u0119puj\u0105 podczas prowadzenia dzia\u0142alno\u015bci gospodarczej. Zale\u017cy nam przede wszystkim na stabilnej i ci\u0105g\u0142ej wsp\u00f3\u0142pracy. Swoje silne strony upatruj\u0119 w du\u017cej determinacji do profesjonalnego wykonania powierzonych mi zada\u0144 oraz zdolno\u015bciami analitycznego my\u015blenia.<\/p>\n<\/div>\n<\/div><\/div><\/div><\/div><\/div><\/div>","protected":false},"excerpt":{"rendered":"<p>Dorian Habrych Specjalista ds. ubezpiecze\u0144. Ubezpieczenia stanowi\u0105 idealne uzupe\u0142nienie us\u0142ug \u015bwiadczonych przez Kancelari\u0119 LL oraz Biuro rachunkowe Abakus maj\u0105cych swoj\u0105 siedzib\u0119 w Gdyni. \u0141\u0105cz\u0105c nasze kompetencje i do\u015bwiadczenie jeste\u015bmy w stanie w spos\u00f3b bezkonkurencyjny rozwi\u0105za\u0107 ka\u017cdy problem klient\u00f3w z bardzo szerokiego spektrum problem\u00f3w, kt\u00f3re wyst\u0119puj\u0105 podczas prowadzenia dzia\u0142alno\u015bci gospodarczej. Zale\u017cy nam przede wszystkim na stabilnej [&hellip;]<\/p>\n","protected":false},"author":1,"featured_media":0,"parent":0,"menu_order":0,"comment_status":"closed","ping_status":"closed","template":"","meta":{"footnotes":""},"class_list":["post-1038","page","type-page","status-publish","hentry"],"yoast_head":"<!-- This site is optimized with the Yoast SEO plugin v24.4 - https:\/\/yoast.com\/wordpress\/plugins\/seo\/ -->\n<title>Za\u0142oga | Abakus Ubezpieczenia<\/title>\n<meta name=\"robots\" content=\"index, follow, max-snippet:-1, max-image-preview:large, max-video-preview:-1\" \/>\n<link rel=\"canonical\" href=\"https:\/\/biurogdynia.pl\/ubezpieczenia\/zaloga\/\" \/>\n<meta property=\"og:locale\" content=\"pl_PL\" \/>\n<meta property=\"og:type\" content=\"article\" \/>\n<meta property=\"og:title\" content=\"Za\u0142oga | Abakus Ubezpieczenia\" \/>\n<meta property=\"og:description\" content=\"Dorian Habrych Specjalista ds. ubezpiecze\u0144. Ubezpieczenia stanowi\u0105 idealne uzupe\u0142nienie us\u0142ug \u015bwiadczonych przez Kancelari\u0119 LL oraz Biuro rachunkowe Abakus maj\u0105cych swoj\u0105 siedzib\u0119 w Gdyni. \u0141\u0105cz\u0105c nasze kompetencje i do\u015bwiadczenie jeste\u015bmy w stanie w spos\u00f3b bezkonkurencyjny rozwi\u0105za\u0107 ka\u017cdy problem klient\u00f3w z bardzo szerokiego spektrum problem\u00f3w, kt\u00f3re wyst\u0119puj\u0105 podczas prowadzenia dzia\u0142alno\u015bci gospodarczej. Zale\u017cy nam przede wszystkim na stabilnej [&hellip;]\" \/>\n<meta property=\"og:url\" content=\"https:\/\/biurogdynia.pl\/ubezpieczenia\/zaloga\/\" \/>\n<meta property=\"og:site_name\" content=\"Abakus Ubezpieczenia\" \/>\n<meta property=\"article:modified_time\" content=\"2023-01-11T10:54:24+00:00\" \/>\n<meta property=\"og:image\" content=\"https:\/\/biurogdynia.pl\/ubezpieczenia\/wp-content\/uploads\/2019\/09\/DSC_0153-kopia-300x200.jpg\" \/>\n<meta name=\"twitter:card\" content=\"summary_large_image\" \/>\n<script type=\"application\/ld+json\" class=\"yoast-schema-graph\">{\"@context\":\"https:\/\/schema.org\",\"@graph\":[{\"@type\":\"WebPage\",\"@id\":\"https:\/\/biurogdynia.pl\/ubezpieczenia\/zaloga\/\",\"url\":\"https:\/\/biurogdynia.pl\/ubezpieczenia\/zaloga\/\",\"name\":\"Za\u0142oga | Abakus Ubezpieczenia\",\"isPartOf\":{\"@id\":\"https:\/\/biurogdynia.pl\/ubezpieczenia\/#website\"},\"primaryImageOfPage\":{\"@id\":\"https:\/\/biurogdynia.pl\/ubezpieczenia\/zaloga\/#primaryimage\"},\"image\":{\"@id\":\"https:\/\/biurogdynia.pl\/ubezpieczenia\/zaloga\/#primaryimage\"},\"thumbnailUrl\":\"https:\/\/biurogdynia.pl\/ubezpieczenia\/wp-content\/uploads\/2019\/09\/DSC_0153-kopia-300x200.jpg\",\"datePublished\":\"2019-08-30T07:36:56+00:00\",\"dateModified\":\"2023-01-11T10:54:24+00:00\",\"breadcrumb\":{\"@id\":\"https:\/\/biurogdynia.pl\/ubezpieczenia\/zaloga\/#breadcrumb\"},\"inLanguage\":\"pl-PL\",\"potentialAction\":[{\"@type\":\"ReadAction\",\"target\":[\"https:\/\/biurogdynia.pl\/ubezpieczenia\/zaloga\/\"]}]},{\"@type\":\"ImageObject\",\"inLanguage\":\"pl-PL\",\"@id\":\"https:\/\/biurogdynia.pl\/ubezpieczenia\/zaloga\/#primaryimage\",\"url\":\"https:\/\/biurogdynia.pl\/ubezpieczenia\/wp-content\/uploads\/2019\/09\/DSC_0153-kopia-300x200.jpg\",\"contentUrl\":\"https:\/\/biurogdynia.pl\/ubezpieczenia\/wp-content\/uploads\/2019\/09\/DSC_0153-kopia-300x200.jpg\"},{\"@type\":\"BreadcrumbList\",\"@id\":\"https:\/\/biurogdynia.pl\/ubezpieczenia\/zaloga\/#breadcrumb\",\"itemListElement\":[{\"@type\":\"ListItem\",\"position\":1,\"name\":\"Strona g\u0142\u00f3wna\",\"item\":\"https:\/\/biurogdynia.pl\/ubezpieczenia\/\"},{\"@type\":\"ListItem\",\"position\":2,\"name\":\"Za\u0142oga\"}]},{\"@type\":\"WebSite\",\"@id\":\"https:\/\/biurogdynia.pl\/ubezpieczenia\/#website\",\"url\":\"https:\/\/biurogdynia.pl\/ubezpieczenia\/\",\"name\":\"Abakus Ubezpieczenia\",\"description\":\"Ubezpieczenia Tr\u00f3jmiasto, Gdynia, Gda\u0144sk, Sopot, Pomorskie|Firma ubezpieczeniowa Abakus|\",\"potentialAction\":[{\"@type\":\"SearchAction\",\"target\":{\"@type\":\"EntryPoint\",\"urlTemplate\":\"https:\/\/biurogdynia.pl\/ubezpieczenia\/?s={search_term_string}\"},\"query-input\":{\"@type\":\"PropertyValueSpecification\",\"valueRequired\":true,\"valueName\":\"search_term_string\"}}],\"inLanguage\":\"pl-PL\"}]}<\/script>\n<!-- \/ Yoast SEO plugin. -->","yoast_head_json":{"title":"Za\u0142oga | Abakus Ubezpieczenia","robots":{"index":"index","follow":"follow","max-snippet":"max-snippet:-1","max-image-preview":"max-image-preview:large","max-video-preview":"max-video-preview:-1"},"canonical":"https:\/\/biurogdynia.pl\/ubezpieczenia\/zaloga\/","og_locale":"pl_PL","og_type":"article","og_title":"Za\u0142oga | Abakus Ubezpieczenia","og_description":"Dorian Habrych Specjalista ds. ubezpiecze\u0144. Ubezpieczenia stanowi\u0105 idealne uzupe\u0142nienie us\u0142ug \u015bwiadczonych przez Kancelari\u0119 LL oraz Biuro rachunkowe Abakus maj\u0105cych swoj\u0105 siedzib\u0119 w Gdyni. \u0141\u0105cz\u0105c nasze kompetencje i do\u015bwiadczenie jeste\u015bmy w stanie w spos\u00f3b bezkonkurencyjny rozwi\u0105za\u0107 ka\u017cdy problem klient\u00f3w z bardzo szerokiego spektrum problem\u00f3w, kt\u00f3re wyst\u0119puj\u0105 podczas prowadzenia dzia\u0142alno\u015bci gospodarczej. Zale\u017cy nam przede wszystkim na stabilnej [&hellip;]","og_url":"https:\/\/biurogdynia.pl\/ubezpieczenia\/zaloga\/","og_site_name":"Abakus Ubezpieczenia","article_modified_time":"2023-01-11T10:54:24+00:00","og_image":[{"url":"https:\/\/biurogdynia.pl\/ubezpieczenia\/wp-content\/uploads\/2019\/09\/DSC_0153-kopia-300x200.jpg","type":"","width":"","height":""}],"twitter_card":"summary_large_image","schema":{"@context":"https:\/\/schema.org","@graph":[{"@type":"WebPage","@id":"https:\/\/biurogdynia.pl\/ubezpieczenia\/zaloga\/","url":"https:\/\/biurogdynia.pl\/ubezpieczenia\/zaloga\/","name":"Za\u0142oga | Abakus Ubezpieczenia","isPartOf":{"@id":"https:\/\/biurogdynia.pl\/ubezpieczenia\/#website"},"primaryImageOfPage":{"@id":"https:\/\/biurogdynia.pl\/ubezpieczenia\/zaloga\/#primaryimage"},"image":{"@id":"https:\/\/biurogdynia.pl\/ubezpieczenia\/zaloga\/#primaryimage"},"thumbnailUrl":"https:\/\/biurogdynia.pl\/ubezpieczenia\/wp-content\/uploads\/2019\/09\/DSC_0153-kopia-300x200.jpg","datePublished":"2019-08-30T07:36:56+00:00","dateModified":"2023-01-11T10:54:24+00:00","breadcrumb":{"@id":"https:\/\/biurogdynia.pl\/ubezpieczenia\/zaloga\/#breadcrumb"},"inLanguage":"pl-PL","potentialAction":[{"@type":"ReadAction","target":["https:\/\/biurogdynia.pl\/ubezpieczenia\/zaloga\/"]}]},{"@type":"ImageObject","inLanguage":"pl-PL","@id":"https:\/\/biurogdynia.pl\/ubezpieczenia\/zaloga\/#primaryimage","url":"https:\/\/biurogdynia.pl\/ubezpieczenia\/wp-content\/uploads\/2019\/09\/DSC_0153-kopia-300x200.jpg","contentUrl":"https:\/\/biurogdynia.pl\/ubezpieczenia\/wp-content\/uploads\/2019\/09\/DSC_0153-kopia-300x200.jpg"},{"@type":"BreadcrumbList","@id":"https:\/\/biurogdynia.pl\/ubezpieczenia\/zaloga\/#breadcrumb","itemListElement":[{"@type":"ListItem","position":1,"name":"Strona g\u0142\u00f3wna","item":"https:\/\/biurogdynia.pl\/ubezpieczenia\/"},{"@type":"ListItem","position":2,"name":"Za\u0142oga"}]},{"@type":"WebSite","@id":"https:\/\/biurogdynia.pl\/ubezpieczenia\/#website","url":"https:\/\/biurogdynia.pl\/ubezpieczenia\/","name":"Abakus Ubezpieczenia","description":"Ubezpieczenia Tr\u00f3jmiasto, Gdynia, Gda\u0144sk, Sopot, Pomorskie|Firma ubezpieczeniowa Abakus|","potentialAction":[{"@type":"SearchAction","target":{"@type":"EntryPoint","urlTemplate":"https:\/\/biurogdynia.pl\/ubezpieczenia\/?s={search_term_string}"},"query-input":{"@type":"PropertyValueSpecification","valueRequired":true,"valueName":"search_term_string"}}],"inLanguage":"pl-PL"}]}},"_links":{"self":[{"href":"https:\/\/biurogdynia.pl\/ubezpieczenia\/wp-json\/wp\/v2\/pages\/1038","targetHints":{"allow":["GET"]}}],"collection":[{"href":"https:\/\/biurogdynia.pl\/ubezpieczenia\/wp-json\/wp\/v2\/pages"}],"about":[{"href":"https:\/\/biurogdynia.pl\/ubezpieczenia\/wp-json\/wp\/v2\/types\/page"}],"author":[{"embeddable":true,"href":"https:\/\/biurogdynia.pl\/ubezpieczenia\/wp-json\/wp\/v2\/users\/1"}],"replies":[{"embeddable":true,"href":"https:\/\/biurogdynia.pl\/ubezpieczenia\/wp-json\/wp\/v2\/comments?post=1038"}],"version-history":[{"count":0,"href":"https:\/\/biurogdynia.pl\/ubezpieczenia\/wp-json\/wp\/v2\/pages\/1038\/revisions"}],"wp:attachment":[{"href":"https:\/\/biurogdynia.pl\/ubezpieczenia\/wp-json\/wp\/v2\/media?parent=1038"}],"curies":[{"name":"wp","href":"https:\/\/api.w.org\/{rel}","templated":true}]}}