{"id":1034,"date":"2019-08-30T09:33:12","date_gmt":"2019-08-30T07:33:12","guid":{"rendered":"http:\/\/dorian.okinter2.vot.pl\/?page_id=1034"},"modified":"2023-01-11T11:47:48","modified_gmt":"2023-01-11T10:47:48","slug":"o-nas","status":"publish","type":"page","link":"https:\/\/biurogdynia.pl\/ubezpieczenia\/o-nas\/","title":{"rendered":"O nas"},"content":{"rendered":"<div id=\"pl-1034\"  class=\"panel-layout\" ><div id=\"pg-1034-0\"  class=\"panel-grid panel-has-style\" ><div class=\"intro panel-row-style panel-row-style-for-1034-0\" ><div id=\"pgc-1034-0-0\"  class=\"panel-grid-cell\" ><div id=\"panel-1034-0-0-0\" class=\"so-panel widget widget_sow-editor panel-first-child panel-last-child\" data-index=\"0\" ><div\n\t\t\t\n\t\t\tclass=\"so-widget-sow-editor so-widget-sow-editor-base\"\n\t\t\t\n\t\t>\n<div class=\"siteorigin-widget-tinymce textwidget\">\n\t<h1 style=\"font-size: 1em\">Kompleksowa obs\u0142uga firm jeszcze nigdy nie by\u0142a tak dost\u0119pna cenowo.<\/h1>\n<p><span style=\"color: #000; text-align: justify; margin-top: 40px; display: block;\">Sektor ubezpiecze\u0144 jest nast\u0119pnym elementem umo\u017cliwiaj\u0105cym nam kompleksow\u0105 obs\u0142ug\u0119 firm po us\u0142ugach \u015bwiadczone przez Biuro ksi\u0119gowe Abakus oraz us\u0142ugi Kancelarii LL Radc\u00f3w Prawnych maj\u0105cych swoj\u0105 siedzib\u0119 w Gdyni. Przy\u015bwieca nam cel kompleksowej obs\u0142ugi klient\u00f3w. Nasz\u0105 ambicj\u0105 jest aby klient, kt\u00f3ry zdecyduje si\u0119 na us\u0142ugi tych trzech firm \u015bci\u015ble wsp\u00f3\u0142pracuj\u0105cych ze sob\u0105, nie pozosta\u0142 sam z \u017cadnym problemem, kt\u00f3ry mo\u017ce wyst\u0105pi\u0107 na drodze realizacji us\u0142ugi. A tych po drodze jest bez liku. Od problem\u00f3w przy okre\u015blaniu fakturowanej kwoty vat przy likwidacji szkody przez problemy z pojazdami zast\u0119pczymi po odmow\u0119 wyp\u0142aty odszkodowania. Ka\u017cda us\u0142uga jest realizowana przez osoby posiadaj\u0105ce niezb\u0119dne kwalifikacje, kt\u00f3re s\u0105 ci\u0105gle podnoszone przez odbywanie niezb\u0119dnych szkole\u0144. <\/span><\/p>\n<\/div>\n<\/div><\/div><\/div><\/div><\/div><\/div>","protected":false},"excerpt":{"rendered":"<p>Kompleksowa obs\u0142uga firm jeszcze nigdy nie by\u0142a tak dost\u0119pna cenowo. Sektor ubezpiecze\u0144 jest nast\u0119pnym elementem umo\u017cliwiaj\u0105cym nam kompleksow\u0105 obs\u0142ug\u0119 firm po us\u0142ugach \u015bwiadczone przez Biuro ksi\u0119gowe Abakus oraz us\u0142ugi Kancelarii LL Radc\u00f3w Prawnych maj\u0105cych swoj\u0105 siedzib\u0119 w Gdyni. Przy\u015bwieca nam cel kompleksowej obs\u0142ugi klient\u00f3w. Nasz\u0105 ambicj\u0105 jest aby klient, kt\u00f3ry zdecyduje si\u0119 na us\u0142ugi tych [&hellip;]<\/p>\n","protected":false},"author":1,"featured_media":0,"parent":0,"menu_order":0,"comment_status":"closed","ping_status":"closed","template":"about.php","meta":{"footnotes":""},"class_list":["post-1034","page","type-page","status-publish","hentry"],"yoast_head":"<!-- This site is optimized with the Yoast SEO plugin v24.4 - https:\/\/yoast.com\/wordpress\/plugins\/seo\/ -->\n<title>O nas | Abakus Ubezpieczenia<\/title>\n<meta name=\"robots\" content=\"index, follow, max-snippet:-1, max-image-preview:large, max-video-preview:-1\" \/>\n<link rel=\"canonical\" href=\"https:\/\/biurogdynia.pl\/ubezpieczenia\/o-nas\/\" \/>\n<meta property=\"og:locale\" content=\"pl_PL\" \/>\n<meta property=\"og:type\" content=\"article\" \/>\n<meta property=\"og:title\" content=\"O nas | Abakus Ubezpieczenia\" \/>\n<meta property=\"og:description\" content=\"Kompleksowa obs\u0142uga firm jeszcze nigdy nie by\u0142a tak dost\u0119pna cenowo. Sektor ubezpiecze\u0144 jest nast\u0119pnym elementem umo\u017cliwiaj\u0105cym nam kompleksow\u0105 obs\u0142ug\u0119 firm po us\u0142ugach \u015bwiadczone przez Biuro ksi\u0119gowe Abakus oraz us\u0142ugi Kancelarii LL Radc\u00f3w Prawnych maj\u0105cych swoj\u0105 siedzib\u0119 w Gdyni. Przy\u015bwieca nam cel kompleksowej obs\u0142ugi klient\u00f3w. Nasz\u0105 ambicj\u0105 jest aby klient, kt\u00f3ry zdecyduje si\u0119 na us\u0142ugi tych [&hellip;]\" \/>\n<meta property=\"og:url\" content=\"https:\/\/biurogdynia.pl\/ubezpieczenia\/o-nas\/\" \/>\n<meta property=\"og:site_name\" content=\"Abakus Ubezpieczenia\" \/>\n<meta property=\"article:modified_time\" content=\"2023-01-11T10:47:48+00:00\" \/>\n<meta name=\"twitter:card\" content=\"summary_large_image\" \/>\n<meta name=\"twitter:label1\" content=\"Szacowany czas czytania\" \/>\n\t<meta name=\"twitter:data1\" content=\"1 minuta\" \/>\n<script type=\"application\/ld+json\" class=\"yoast-schema-graph\">{\"@context\":\"https:\/\/schema.org\",\"@graph\":[{\"@type\":\"WebPage\",\"@id\":\"https:\/\/biurogdynia.pl\/ubezpieczenia\/o-nas\/\",\"url\":\"https:\/\/biurogdynia.pl\/ubezpieczenia\/o-nas\/\",\"name\":\"O nas | Abakus Ubezpieczenia\",\"isPartOf\":{\"@id\":\"https:\/\/biurogdynia.pl\/ubezpieczenia\/#website\"},\"datePublished\":\"2019-08-30T07:33:12+00:00\",\"dateModified\":\"2023-01-11T10:47:48+00:00\",\"breadcrumb\":{\"@id\":\"https:\/\/biurogdynia.pl\/ubezpieczenia\/o-nas\/#breadcrumb\"},\"inLanguage\":\"pl-PL\",\"potentialAction\":[{\"@type\":\"ReadAction\",\"target\":[\"https:\/\/biurogdynia.pl\/ubezpieczenia\/o-nas\/\"]}]},{\"@type\":\"BreadcrumbList\",\"@id\":\"https:\/\/biurogdynia.pl\/ubezpieczenia\/o-nas\/#breadcrumb\",\"itemListElement\":[{\"@type\":\"ListItem\",\"position\":1,\"name\":\"Strona g\u0142\u00f3wna\",\"item\":\"https:\/\/biurogdynia.pl\/ubezpieczenia\/\"},{\"@type\":\"ListItem\",\"position\":2,\"name\":\"O nas\"}]},{\"@type\":\"WebSite\",\"@id\":\"https:\/\/biurogdynia.pl\/ubezpieczenia\/#website\",\"url\":\"https:\/\/biurogdynia.pl\/ubezpieczenia\/\",\"name\":\"Abakus Ubezpieczenia\",\"description\":\"Ubezpieczenia Tr\u00f3jmiasto, Gdynia, Gda\u0144sk, Sopot, Pomorskie|Firma ubezpieczeniowa Abakus|\",\"potentialAction\":[{\"@type\":\"SearchAction\",\"target\":{\"@type\":\"EntryPoint\",\"urlTemplate\":\"https:\/\/biurogdynia.pl\/ubezpieczenia\/?s={search_term_string}\"},\"query-input\":{\"@type\":\"PropertyValueSpecification\",\"valueRequired\":true,\"valueName\":\"search_term_string\"}}],\"inLanguage\":\"pl-PL\"}]}<\/script>\n<!-- \/ Yoast SEO plugin. -->","yoast_head_json":{"title":"O nas | Abakus Ubezpieczenia","robots":{"index":"index","follow":"follow","max-snippet":"max-snippet:-1","max-image-preview":"max-image-preview:large","max-video-preview":"max-video-preview:-1"},"canonical":"https:\/\/biurogdynia.pl\/ubezpieczenia\/o-nas\/","og_locale":"pl_PL","og_type":"article","og_title":"O nas | Abakus Ubezpieczenia","og_description":"Kompleksowa obs\u0142uga firm jeszcze nigdy nie by\u0142a tak dost\u0119pna cenowo. Sektor ubezpiecze\u0144 jest nast\u0119pnym elementem umo\u017cliwiaj\u0105cym nam kompleksow\u0105 obs\u0142ug\u0119 firm po us\u0142ugach \u015bwiadczone przez Biuro ksi\u0119gowe Abakus oraz us\u0142ugi Kancelarii LL Radc\u00f3w Prawnych maj\u0105cych swoj\u0105 siedzib\u0119 w Gdyni. Przy\u015bwieca nam cel kompleksowej obs\u0142ugi klient\u00f3w. Nasz\u0105 ambicj\u0105 jest aby klient, kt\u00f3ry zdecyduje si\u0119 na us\u0142ugi tych [&hellip;]","og_url":"https:\/\/biurogdynia.pl\/ubezpieczenia\/o-nas\/","og_site_name":"Abakus Ubezpieczenia","article_modified_time":"2023-01-11T10:47:48+00:00","twitter_card":"summary_large_image","twitter_misc":{"Szacowany czas czytania":"1 minuta"},"schema":{"@context":"https:\/\/schema.org","@graph":[{"@type":"WebPage","@id":"https:\/\/biurogdynia.pl\/ubezpieczenia\/o-nas\/","url":"https:\/\/biurogdynia.pl\/ubezpieczenia\/o-nas\/","name":"O nas | Abakus Ubezpieczenia","isPartOf":{"@id":"https:\/\/biurogdynia.pl\/ubezpieczenia\/#website"},"datePublished":"2019-08-30T07:33:12+00:00","dateModified":"2023-01-11T10:47:48+00:00","breadcrumb":{"@id":"https:\/\/biurogdynia.pl\/ubezpieczenia\/o-nas\/#breadcrumb"},"inLanguage":"pl-PL","potentialAction":[{"@type":"ReadAction","target":["https:\/\/biurogdynia.pl\/ubezpieczenia\/o-nas\/"]}]},{"@type":"BreadcrumbList","@id":"https:\/\/biurogdynia.pl\/ubezpieczenia\/o-nas\/#breadcrumb","itemListElement":[{"@type":"ListItem","position":1,"name":"Strona g\u0142\u00f3wna","item":"https:\/\/biurogdynia.pl\/ubezpieczenia\/"},{"@type":"ListItem","position":2,"name":"O nas"}]},{"@type":"WebSite","@id":"https:\/\/biurogdynia.pl\/ubezpieczenia\/#website","url":"https:\/\/biurogdynia.pl\/ubezpieczenia\/","name":"Abakus Ubezpieczenia","description":"Ubezpieczenia Tr\u00f3jmiasto, Gdynia, Gda\u0144sk, Sopot, Pomorskie|Firma ubezpieczeniowa Abakus|","potentialAction":[{"@type":"SearchAction","target":{"@type":"EntryPoint","urlTemplate":"https:\/\/biurogdynia.pl\/ubezpieczenia\/?s={search_term_string}"},"query-input":{"@type":"PropertyValueSpecification","valueRequired":true,"valueName":"search_term_string"}}],"inLanguage":"pl-PL"}]}},"_links":{"self":[{"href":"https:\/\/biurogdynia.pl\/ubezpieczenia\/wp-json\/wp\/v2\/pages\/1034","targetHints":{"allow":["GET"]}}],"collection":[{"href":"https:\/\/biurogdynia.pl\/ubezpieczenia\/wp-json\/wp\/v2\/pages"}],"about":[{"href":"https:\/\/biurogdynia.pl\/ubezpieczenia\/wp-json\/wp\/v2\/types\/page"}],"author":[{"embeddable":true,"href":"https:\/\/biurogdynia.pl\/ubezpieczenia\/wp-json\/wp\/v2\/users\/1"}],"replies":[{"embeddable":true,"href":"https:\/\/biurogdynia.pl\/ubezpieczenia\/wp-json\/wp\/v2\/comments?post=1034"}],"version-history":[{"count":0,"href":"https:\/\/biurogdynia.pl\/ubezpieczenia\/wp-json\/wp\/v2\/pages\/1034\/revisions"}],"wp:attachment":[{"href":"https:\/\/biurogdynia.pl\/ubezpieczenia\/wp-json\/wp\/v2\/media?parent=1034"}],"curies":[{"name":"wp","href":"https:\/\/api.w.org\/{rel}","templated":true}]}}